{"id":991854,"date":"2022-11-14T14:05:31","date_gmt":"2022-11-14T14:05:31","guid":{"rendered":"https:\/\/bor-alu.de\/datenschutzrichtlinie\/"},"modified":"2024-12-29T09:31:03","modified_gmt":"2024-12-29T09:31:03","slug":"gizlilik-politikasi","status":"publish","type":"page","link":"https:\/\/bor-alu.de\/tr\/gizlilik-politikasi\/","title":{"rendered":"Gizlilik Politikas\u0131"},"content":{"rendered":"<p>Son G\u00fcncelleme: 16 Haziran 2023<\/p>\n<p>Bu Gizlilik Politikas\u0131, hizmeti kulland\u0131\u011f\u0131n\u0131zda bilgilerinizin toplanmas\u0131, kullan\u0131lmas\u0131 ve if\u015fa edilmesiyle ilgili politikalar\u0131m\u0131z\u0131 ve prosed\u00fcrlerimizi a\u00e7\u0131klar ve gizlilik haklar\u0131n\u0131z\u0131 ve yasalar\u0131n sizi nas\u0131l korudu\u011funu size bildirir.<\/p>\n<p>Hizmeti sa\u011flamak ve geli\u015ftirmek i\u00e7in ki\u015fisel verilerinizi kullan\u0131yoruz. Hizmeti kullanarak, bu Gizlilik Politikas\u0131na uygun olarak bilgilerin toplanmas\u0131n\u0131 ve kullan\u0131lmas\u0131n\u0131 kabul etmi\u015f olursunuz. Bu Gizlilik Politikas\u0131, <a href=\"https:\/\/www.freeprivacypolicy.com\/free-privacy-policy-generator\/\" target=\"_blank\" rel=\"noopener\">\u00dccretsiz Gizlilik Politikas\u0131 Olu\u015fturucu<\/a> kullan\u0131larak olu\u015fturulmu\u015ftur.<\/p>\n<h1>Yorumlama ve Tan\u0131mlar<\/h1>\n<h2>Yorumlama<\/h2>\n<p>Ba\u015f harfi b\u00fcy\u00fck olan kelimeler, a\u015fa\u011f\u0131da tan\u0131mlanan anlamlara sahiptir. Bu tan\u0131mlar, tekil ya da \u00e7o\u011ful halleriyle kullan\u0131lmalar\u0131ndan ba\u011f\u0131ms\u0131z olarak ge\u00e7erlidir.<\/p>\n<h2>Tan\u0131mlar<\/h2>\n<p>Bu Gizlilik Politikas\u0131&#8217;nda kullan\u0131lan tan\u0131mlar \u015funlard\u0131r:<\/p>\n<ul>\n<li><strong>Hesap:<\/strong> Hizmetimize veya hizmetimizin belirli b\u00f6l\u00fcmlerine eri\u015fim sa\u011flamak i\u00e7in sizin ad\u0131n\u0131za olu\u015fturulan benzersiz bir hesap anlam\u0131na gelir.<\/li>\n<li><strong>Ba\u011fl\u0131 Kurulu\u015f:<\/strong> Bir taraf\u0131 kontrol eden, bir taraf taraf\u0131ndan kontrol edilen veya bir tarafla ortak kontrol alt\u0131nda olan bir \u015firket anlam\u0131na gelir. Burada &#8220;kontrol&#8221;, y\u00f6neticilerin veya di\u011fer y\u00f6netim organlar\u0131n\u0131n se\u00e7iminde kullan\u0131lan oy haklar\u0131n\u0131n %50 veya daha fazlas\u0131na sahip olmay\u0131 ifade eder.<\/li>\n<li><strong>\u015eirket:<\/strong> (bu s\u00f6zle\u015fmede &#8220;\u015firket&#8221;, &#8220;biz&#8221;, &#8220;bize&#8221; veya &#8220;bizim&#8221; olarak an\u0131lacakt\u0131r) BOR B\u0130LET AL\u00dcM\u0130NYUM SAN ve T\u0130C LTD \u015eT\u0130, Velik\u00f6y OSB Mah. 1.Cad. No:12\/A 59500 \u00c7erkezk\u00f6y \/ TEK\u0130RDA\u011e \/ T\u00dcRK\u0130YE anlam\u0131na gelir.<\/li>\n<li><strong>\u00c7erezler:<\/strong> Bir web sitesi taraf\u0131ndan bilgisayar\u0131n\u0131za, mobil cihaz\u0131n\u0131za veya ba\u015fka bir cihaza yerle\u015ftirilen ve genellikle bu web sitesindeki tarama ge\u00e7mi\u015finizle ilgili ayr\u0131nt\u0131lar\u0131 i\u00e7eren k\u00fc\u00e7\u00fck dosyalar anlam\u0131na gelir.<\/li>\n<li><strong>\u00dclke:<\/strong> T\u00fcrkiye anlam\u0131na gelir.<\/li>\n<li><strong>Cihaz:<\/strong> Hizmete eri\u015febilen herhangi bir cihaz, \u00f6rne\u011fin bir bilgisayar, cep telefonu veya tablet anlam\u0131na gelir.<\/li>\n<li><strong>Ki\u015fisel Veriler:<\/strong> Kimli\u011fi belirli veya belirlenebilir bir ki\u015fiyle ilgili olan her t\u00fcrl\u00fc bilgi anlam\u0131na gelir.<\/li>\n<li><strong>Hizmet:<\/strong> Web sitesi anlam\u0131na gelir.<\/li>\n<li><strong>Hizmet Sa\u011flay\u0131c\u0131:<\/strong> \u015eirket ad\u0131na verileri i\u015fleyen herhangi bir ger\u00e7ek veya t\u00fczel ki\u015fi anlam\u0131na gelir. Bu, hizmeti kolayla\u015ft\u0131rmak, hizmeti \u015firket ad\u0131na sunmak, hizmetle ilgili hizmetleri sa\u011flamak veya hizmetin nas\u0131l kullan\u0131ld\u0131\u011f\u0131n\u0131 analiz etmede \u015firkete yard\u0131mc\u0131 olmak \u00fczere \u015firket taraf\u0131ndan i\u015fe al\u0131nan \u00fc\u00e7\u00fcnc\u00fc taraf \u015firketler veya bireyleri ifade eder.<\/li>\n<li><strong>Kullan\u0131m Verileri:<\/strong> Hizmeti kullan\u0131rken veya hizmet altyap\u0131s\u0131 arac\u0131l\u0131\u011f\u0131yla otomatik olarak toplanan veriler anlam\u0131na gelir (\u00f6rne\u011fin, bir sayfa ziyaretinin s\u00fcresi gibi).<\/li>\n<li><strong>Web Sitesi:<\/strong> BOR Al\u00fcminyum web sitesi anlam\u0131na gelir; \u015fu adresten eri\u015filebilir: <a href=\"https:\/\/bor-alu.de\/tr\/\" target=\"_blank\" rel=\"external nofollow noopener\">https:\/\/bor-alu.de\/<\/a>.<\/li>\n<li><strong>Siz:<\/strong> Hizmete eri\u015fen veya hizmeti kullanan ki\u015fi veya bu ki\u015fi ad\u0131na hizmete eri\u015fen veya hizmeti kullanan \u015firket ya da t\u00fczel ki\u015fi anlam\u0131na gelir.<\/li>\n<\/ul>\n<h1>Ki\u015fisel Verilerinizin Toplanmas\u0131 ve Kullan\u0131m\u0131<\/h1>\n<h2>Toplanan Verilerin T\u00fcrleri<\/h2>\n<h3>Ki\u015fisel Veriler<\/h3>\n<p>Hizmetimizi kullan\u0131rken, sizi ileti\u015fim kurmak veya kimli\u011finizi do\u011frulamak i\u00e7in kullan\u0131labilecek baz\u0131 ki\u015fisel bilgilerinizi sa\u011flaman\u0131z\u0131 isteyebiliriz. Ki\u015fisel olarak tan\u0131mlanabilir bilgiler \u015funlar\u0131 i\u00e7erebilir ancak bunlarla s\u0131n\u0131rl\u0131 de\u011fildir:<\/p>\n<ul>\n<li>E-posta adresi<\/li>\n<li>Ad ve soyad<\/li>\n<li>Telefon numaras\u0131<\/li>\n<li>Kullan\u0131m verileri<\/li>\n<\/ul>\n<h3>Kullan\u0131m Verileri<\/h3>\n<p>Kullan\u0131m verileri, hizmeti kulland\u0131\u011f\u0131n\u0131zda otomatik olarak toplan\u0131r. Bu verilere \u015funlar dahil olabilir:<\/p>\n<ul>\n<li>Cihaz\u0131n\u0131z\u0131n \u0130nternet Protokol\u00fc adresi (IP adresi), taray\u0131c\u0131 t\u00fcr\u00fc ve s\u00fcr\u00fcm\u00fc<\/li>\n<li>Hizmetimizin sayfalar\u0131n\u0131 ziyaret etti\u011finiz tarih ve saat<\/li>\n<li>Bu sayfalarda harcanan s\u00fcre<\/li>\n<li>Cihaz tan\u0131mlay\u0131c\u0131lar\u0131 ve di\u011fer tan\u0131lama verileri<\/li>\n<\/ul>\n<h3>Takip Teknolojileri ve \u00c7erezler<\/h3>\n<p>Hizmetimizdeki etkinlikleri izlemek ve belirli bilgileri saklamak i\u00e7in \u00e7erezler ve benzeri izleme teknolojileri kullan\u0131yoruz. Kullan\u0131lan teknolojiler \u015funlar\u0131 i\u00e7erebilir:<\/p>\n<ul>\n<li><strong>\u00c7erezler veya Taray\u0131c\u0131 \u00c7erezleri:<\/strong> Cihaz\u0131n\u0131za yerle\u015ftirilen k\u00fc\u00e7\u00fck dosyalar.<\/li>\n<li><strong>Web \u0130\u015faret\u00e7ileri:<\/strong> K\u00fc\u00e7\u00fck elektronik dosyalar.<\/li>\n<\/ul>\n<p>Daha fazla bilgi i\u00e7in \u00c7erez Politikas\u0131&#8217;na veya bu Gizlilik Politikas\u0131&#8217;n\u0131n \u00e7erezler b\u00f6l\u00fcm\u00fcne bakabilirsiniz.<\/p>\n","protected":false},"excerpt":{"rendered":"<p>Son G\u00fcncelleme: 16 Haziran 2023 Bu Gizlilik Politikas\u0131, hizmeti kulland\u0131\u011f\u0131n\u0131zda bilgilerinizin toplanmas\u0131, kullan\u0131lmas\u0131 ve if\u015fa edilmesiyle ilgili politikalar\u0131m\u0131z\u0131 ve prosed\u00fcrlerimizi a\u00e7\u0131klar ve gizlilik haklar\u0131n\u0131z\u0131 ve yasalar\u0131n sizi nas\u0131l korudu\u011funu size bildirir. Hizmeti sa\u011flamak ve geli\u015ftirmek i\u00e7in ki\u015fisel verilerinizi kullan\u0131yoruz. Hizmeti kullanarak, bu Gizlilik Politikas\u0131na uygun olarak bilgilerin toplanmas\u0131n\u0131 ve kullan\u0131lmas\u0131n\u0131 kabul etmi\u015f olursunuz. Bu Gizlilik<\/p>\n","protected":false},"author":1,"featured_media":991328,"parent":0,"menu_order":0,"comment_status":"closed","ping_status":"open","template":"","meta":{"footnotes":""},"class_list":["post-991854","page","type-page","status-publish","has-post-thumbnail","hentry","prodpage-style2"],"_links":{"self":[{"href":"https:\/\/bor-alu.de\/tr\/wp-json\/wp\/v2\/pages\/991854","targetHints":{"allow":["GET"]}}],"collection":[{"href":"https:\/\/bor-alu.de\/tr\/wp-json\/wp\/v2\/pages"}],"about":[{"href":"https:\/\/bor-alu.de\/tr\/wp-json\/wp\/v2\/types\/page"}],"author":[{"embeddable":true,"href":"https:\/\/bor-alu.de\/tr\/wp-json\/wp\/v2\/users\/1"}],"replies":[{"embeddable":true,"href":"https:\/\/bor-alu.de\/tr\/wp-json\/wp\/v2\/comments?post=991854"}],"version-history":[{"count":3,"href":"https:\/\/bor-alu.de\/tr\/wp-json\/wp\/v2\/pages\/991854\/revisions"}],"predecessor-version":[{"id":991953,"href":"https:\/\/bor-alu.de\/tr\/wp-json\/wp\/v2\/pages\/991854\/revisions\/991953"}],"wp:featuredmedia":[{"embeddable":true,"href":"https:\/\/bor-alu.de\/tr\/wp-json\/wp\/v2\/media\/991328"}],"wp:attachment":[{"href":"https:\/\/bor-alu.de\/tr\/wp-json\/wp\/v2\/media?parent=991854"}],"curies":[{"name":"wp","href":"https:\/\/api.w.org\/{rel}","templated":true}]}}