{"id":991820,"date":"2022-11-14T14:18:23","date_gmt":"2022-11-14T14:18:23","guid":{"rendered":"https:\/\/bor-alu.de\/product\/fassadenprofile\/"},"modified":"2024-12-29T07:24:55","modified_gmt":"2024-12-29T07:24:55","slug":"fasat-profileri","status":"publish","type":"product","link":"https:\/\/bor-alu.de\/tr\/product\/fasat-profileri\/","title":{"rendered":"Fasat Profileri"},"content":{"rendered":"<p><strong>Al\u00fcminyum Fasat Profilleri Nedir?<\/strong><\/p>\n<p><strong>Al\u00fcminyum Fasat Profilleri<\/strong>, in\u015faat ve dekorasyon sekt\u00f6r\u00fcnde kullan\u0131lan dayan\u0131kl\u0131 profil sistemleridir. Kullan\u0131m alan\u0131 olduk\u00e7a geni\u015ftir. Al\u00fcminyum d\u0131\u015f profiller, duvar ve tavan kaplamalar\u0131nda da kullan\u0131l\u0131r.<\/p>\n<h2><strong>Al\u00fcminyum Fasat Profillerinin \u00d6zellikleri Nelerdir?<\/strong><\/h2>\n<p>Al\u00fcminyum fasat profillerinin bir\u00e7ok avantajl\u0131 \u00f6zelli\u011fi vard\u0131r. A\u015fa\u011f\u0131da bu \u00f6zellikleri tablodan g\u00f6rebilirsiniz.<\/p>\n<table>\n<tbody>\n<tr>\n<td width=\"307\">Kullan\u0131m Alan\u0131<\/td>\n<td width=\"307\">\u0130n\u015faat ve dekorasyon malzemesi<\/td>\n<\/tr>\n<tr>\n<td width=\"307\">Uygulamalar<\/td>\n<td width=\"307\">D\u0131\u015f mekan, duvar kaplamas\u0131, tavan kaplamas\u0131<\/td>\n<\/tr>\n<tr>\n<td width=\"307\">\u00d6zellikler<\/td>\n<td width=\"307\">Geri d\u00f6n\u00fc\u015ft\u00fcr\u00fclebilir ve ate\u015fe dayan\u0131kl\u0131 bir malzemedir. Ayr\u0131ca \u00e7ok hafif olup, \u00e7ivilerle kolayca montelenebilir. Y\u00fczeyi \u00e7ok g\u00fczeldir ve boyanabilir.<\/td>\n<\/tr>\n<tr>\n<td width=\"307\">Format \/ Hammaddeler<\/td>\n<td width=\"307\">Al\u00fcminyum metal profiller<\/td>\n<\/tr>\n<tr>\n<td width=\"307\">Boyutlar<\/td>\n<td width=\"307\">8 metreye kadar<\/td>\n<\/tr>\n<tr>\n<td width=\"307\">Garanti<\/td>\n<td width=\"307\">En az 10 y\u0131l<\/td>\n<\/tr>\n<\/tbody>\n<\/table>\n<p><strong>Al\u00fcminyum Fasat Profilleri<\/strong>, uzun \u00f6m\u00fcrl\u00fc ve dayan\u0131kl\u0131 d\u0131\u015f cephe \u00fcr\u00fcnlerine iyi bir \u00f6rnektir ve k\u00f6t\u00fc hava ko\u015fullar\u0131na kar\u015f\u0131 son derece diren\u00e7lidir. Bu ate\u015fe dayan\u0131kl\u0131 \u00fcr\u00fcn, cepheleri do\u011fal afetlerden korur. Ayr\u0131ca, korozyona kar\u015f\u0131 dayan\u0131kl\u0131 oldu\u011fu i\u00e7in d\u0131\u015f cephe kaplaman\u0131z uzun y\u0131llar boyunca estetik ve ho\u015f bir \u015fekilde kal\u0131r.<\/p>\n<h2><strong>Fasat T-Profilleri<\/strong><\/h2>\n<p>&nbsp;<\/p>\n<p><strong>Al\u00fcminyum T-Profilleri<\/strong>, d\u0131\u015f cephe kaplamalar\u0131nda kullan\u0131labilir. Farkl\u0131 boyutlar ve tasar\u0131mlar ile \u00fcretilebilirler. Sizin i\u00e7in her \u015fekil ve boyut uygulanabilir. \u00d6nemli olan, tasarlamak istedi\u011finiz alan\u0131n estetik ve g\u00fczel g\u00f6r\u00fcnecek \u015fekilde olmas\u0131d\u0131r. Bu nedenle, d\u0131\u015f cephelerde T-profilleri kullanabilirsiniz.<\/p>\n<p>Ayr\u0131ca, fasat profilleri dekoratif duvar kaplamalar\u0131 i\u00e7in de kullan\u0131l\u0131r. Standart boyutlar\u0131n yan\u0131 s\u0131ra \u00f6zel boyutlarda \u00fcretim de yap\u0131labilir. Yapman\u0131z gereken tek \u015fey, al\u00fcminyum profil \u00fcreticisi Bor Al\u00fcminyum ile ileti\u015fime ge\u00e7mektir.<\/p>\n<h3><strong>Al\u00fcminyum Fasat Profillerinin Avantajlar\u0131<\/strong><\/h3>\n<p>&nbsp;<\/p>\n<ul>\n<li>Al\u00fcminyum profiller tasar\u0131m esnekli\u011fi sunar.<\/li>\n<li>\u00c7ok hafif olup, uygulama kolayd\u0131r.<\/li>\n<li>CNC makinelerinde i\u015flenerek \u00fcretilir ve m\u00fckemmel bir y\u00fczey kaplamas\u0131na sahiptir.<\/li>\n<li>Al\u00fcminyum profiller i\u00e7in toptan sipari\u015flerde avantajl\u0131 fiyat tekliflerinden faydalanmak i\u00e7in bizimle ileti\u015fime ge\u00e7in.<\/li>\n<\/ul>\n<p>Ayr\u0131ca, al\u00fcminyum m\u00fckemmel bir g\u00f6r\u00fcn\u00fcme sahiptir. Eloxall\u0131 al\u00fcminyum cepheler, farkl\u0131 renk se\u00e7enekleri ile harika bir g\u00f6r\u00fcn\u00fcme sahiptir.<\/p>\n<p>Al\u00fcminyum fasat sistemlerinin bir\u00e7ok avantaj\u0131 vard\u0131r. \u0130lk olarak, al\u00fcminyum \u00e7ok hafif ama g\u00fc\u00e7l\u00fc bir malzemedir. Bu sayede, binan\u0131z\u0131n sa\u011flaml\u0131\u011f\u0131n\u0131 art\u0131r\u0131rken, toplam a\u011f\u0131rl\u0131\u011f\u0131 da azaltm\u0131\u015f olursunuz. Ayr\u0131ca, hava ko\u015fullar\u0131na ve paslanmaya kar\u015f\u0131 son derece dayan\u0131kl\u0131d\u0131r. Di\u011fer taraftan, al\u00fcminyum \u00e7ok esnektir, bu da binan\u0131n b\u00fct\u00fcnl\u00fc\u011f\u00fcn\u00fc destekler. Di\u011fer malzemeler gibi, al\u00fcminyum da bir\u00e7ok farkl\u0131 uygulama i\u00e7in harika bir malzemedir. Bu nedenle, fasat profillerini uzmanlardan se\u00e7ebilirsiniz.<\/p>\n<h3><strong>Al\u00fcminyum Fasat Profilleri Fiyatlar\u0131<\/strong><\/h3>\n<p>&nbsp;<\/p>\n<p>Al\u00fcminyum fasat profili sistemlerinin fiyatlar\u0131, boyut ve \u00f6zelliklere ba\u011fl\u0131 olarak de\u011fi\u015fmektedir. Fiyatlar s\u00fcrekli olarak g\u00fcncellenmektedir. Detayl\u0131 bilgi i\u00e7in bizimle ileti\u015fime ge\u00e7meniz yeterlidir.<\/p>\n","protected":false},"excerpt":{"rendered":"<div><strong>Al\u00fcminyum Fasat Profilleri<\/strong><\/div>\n<div>Al\u00fcminyum fasat sistemleri, \u00e7o\u011fu modern binan\u0131n d\u0131\u015f cephesinde kullan\u0131l\u0131r. Al\u00fcminyum, y\u00fcksek dayan\u0131kl\u0131l\u0131\u011f\u0131 ve modern g\u00f6r\u00fcn\u00fcm\u00fc sayesinde binalarda yap\u0131sal bir eleman olarak \u00f6ne \u00e7\u0131kan m\u00fckemmel bir metaldir. Al\u00fcminyum cephe tasar\u0131m\u0131 farkl\u0131 ama\u00e7lar i\u00e7in kullan\u0131l\u0131r:<\/div>\n<ul>\n<li>Is\u0131 yal\u0131t\u0131m\u0131 ve kontrol\u00fc,<\/li>\n<li>G\u00fcn \u0131\u015f\u0131\u011f\u0131 kontrol\u00fc,<\/li>\n<li>Havaland\u0131rma sistemi<\/li>\n<\/ul>\n","protected":false},"featured_media":990208,"comment_status":"closed","ping_status":"closed","template":"","meta":[],"product_brand":[],"product_cat":[550],"product_tag":[],"class_list":{"0":"post-991820","1":"product","2":"type-product","3":"status-publish","4":"has-post-thumbnail","6":"product_cat-aluminyum-profiller","8":"first","9":"instock","10":"shipping-taxable","11":"product-type-simple","12":"prodpage-style2"},"_links":{"self":[{"href":"https:\/\/bor-alu.de\/tr\/wp-json\/wp\/v2\/product\/991820","targetHints":{"allow":["GET"]}}],"collection":[{"href":"https:\/\/bor-alu.de\/tr\/wp-json\/wp\/v2\/product"}],"about":[{"href":"https:\/\/bor-alu.de\/tr\/wp-json\/wp\/v2\/types\/product"}],"replies":[{"embeddable":true,"href":"https:\/\/bor-alu.de\/tr\/wp-json\/wp\/v2\/comments?post=991820"}],"wp:featuredmedia":[{"embeddable":true,"href":"https:\/\/bor-alu.de\/tr\/wp-json\/wp\/v2\/media\/990208"}],"wp:attachment":[{"href":"https:\/\/bor-alu.de\/tr\/wp-json\/wp\/v2\/media?parent=991820"}],"wp:term":[{"taxonomy":"product_brand","embeddable":true,"href":"https:\/\/bor-alu.de\/tr\/wp-json\/wp\/v2\/product_brand?post=991820"},{"taxonomy":"product_cat","embeddable":true,"href":"https:\/\/bor-alu.de\/tr\/wp-json\/wp\/v2\/product_cat?post=991820"},{"taxonomy":"product_tag","embeddable":true,"href":"https:\/\/bor-alu.de\/tr\/wp-json\/wp\/v2\/product_tag?post=991820"}],"curies":[{"name":"wp","href":"https:\/\/api.w.org\/{rel}","templated":true}]}}