{"id":991821,"date":"2022-11-14T14:18:23","date_gmt":"2022-11-14T14:18:23","guid":{"rendered":"https:\/\/bor-alu.de\/product\/insektenschutzprofil\/"},"modified":"2024-12-29T07:23:13","modified_gmt":"2024-12-29T07:23:13","slug":"insekt-koruma-profili","status":"publish","type":"product","link":"https:\/\/bor-alu.de\/tr\/product\/insekt-koruma-profili\/","title":{"rendered":"\u0130nsekt Koruma Profili"},"content":{"rendered":"<div><strong>\u0130nsekt Koruma Profilleri Nedir?<\/strong><\/div>\n<div><\/div>\n<div>\n<p>Al\u00fcminyum \u0130nsekt Koruma Profilleri, ekstr\u00fcde al\u00fcminyum \u00e7er\u00e7eve profillerine aittir.<br \/>\nGri renkte \u00fcretilirler.<br \/>\nFarkl\u0131 boyutlar ve \u00f6zelliklerde \u00fcretilebilirler.<br \/>\n\u0130nsekt koruma profilleri 1 metre, 1,5 metre ve 2 metre uzunlu\u011funda olabilir. Talep \u00fczerine \u00fcr\u00fcn, di\u011fer boyutlarda da \u00fcretilebilir.<br \/>\n\u00c7ok uzun bir \u00f6mre sahiptir.<br \/>\nTek ve \u00e7ift kanatl\u0131 pencereler i\u00e7in uygundur.<br \/>\nAl\u00fcminyum sineklik profillerinin kap\u0131lar i\u00e7in montaj\u0131 kolayd\u0131r.  <\/p>\n<h2><strong>\u0130nsekt Koruma \u00d6zellikleri<\/strong><\/h2>\n<ul>\n<li>Kap\u0131 ve pencere sineklikleri<\/li>\n<li>Y\u00fcksek kaliteli, dayan\u0131kl\u0131 ve geri d\u00f6n\u00fc\u015ft\u00fcr\u00fclm\u00fc\u015f al\u00fcminyumdan \u00fcretilir.<\/li>\n<li>Farkl\u0131 renklerde \u00fcretilebilir.<\/li>\n<\/ul>\n<p>&nbsp;<\/p>\n<h2><strong>Al\u00fcminyum Kap\u0131 Sineklik Profili Nedir?<\/strong><\/h2>\n<p>&nbsp;<\/p>\n<p><strong>Al\u00fcminyum Kap\u0131 ve Sineklik Profili<\/strong>, sineklik \u00fcr\u00fcn\u00fcn\u00fcn monte edilece\u011fi bir \u00e7er\u00e7eve profilidir. Bu profiller sayesinde, sineklikler camlara veya kap\u0131lara \u00e7ok kolay bir \u015fekilde monte edilebilir ve uzun kullan\u0131m \u00f6mr\u00fc sa\u011flar. Al\u00fcminyum kap\u0131 sineklik profili sat\u0131n almak isterseniz, bizimle ileti\u015fime ge\u00e7meniz yeterlidir.<br \/>\n<strong>\u00d6zel yap\u0131m<\/strong> se\u00e7enekleri de mevcuttur, \u00e7\u00fcnk\u00fc farkl\u0131 boyutlarda \u00fcretilebilirler.<br \/>\nEstetik ve do\u011fal bir g\u00f6r\u00fcn\u00fcme sahiptir. Zamanla solmaz ve k\u00f6t\u00fc hava ko\u015fullar\u0131na kar\u015f\u0131 dayan\u0131kl\u0131d\u0131r.  <\/p>\n<\/div>\n<div>\u0130nsekt korumas\u0131n\u0131n <strong>iki par\u00e7as\u0131 vard\u0131r: profil ve a\u011f<\/strong>. Al\u00fcminyum, her ikisi i\u00e7in de kullan\u0131labilir, \u00e7\u00fcnk\u00fc \u00f6zel \u00f6zelliklere sahiptir. Al\u00fcminyum \u00e7ok hafif bir malzeme oldu\u011fu i\u00e7in, pencere ve kap\u0131larda kullan\u0131lmas\u0131 \u00e7ok avantajl\u0131d\u0131r.<\/div>\n<div><\/div>\n<div>Di\u011fer taraftan, insekt koruma a\u011flar\u0131 her t\u00fcrl\u00fc a\u015f\u0131r\u0131 hava ko\u015fuluna maruz kalmaktad\u0131r. Al\u00fcminyum bu ko\u015fullara kar\u015f\u0131 \u00e7ok dayan\u0131kl\u0131 oldu\u011fundan, sineklikler i\u00e7in en ideal malzemedir. Hem \u00e7ok dayan\u0131kl\u0131 hem de hafif oldu\u011fundan, ah\u015fap veya PVC pencere \u00e7er\u00e7evelerine daha az y\u00fck bindirir. Ayr\u0131ca, al\u00fcminyum ince koruma a\u011flar\u0131n\u0131 \u00e7er\u00e7eve ile kullanarak en iyi kombinasyonu elde edersiniz.<\/div>\n<div><\/div>\n<h3><strong>Al\u00fcminyum \u0130nsekt Koruma Profilleri Fiyatlar\u0131<\/strong><\/h3>\n<div>Al\u00fcminyum insekt koruma profillerinin fiyatlar\u0131, profil boyutuna ve teknik \u00f6zelliklerine g\u00f6re de\u011fi\u015fiklik g\u00f6stermektedir. Fiyat\u0131 \u00f6\u011frenmek i\u00e7in sadece bizimle ileti\u015fime ge\u00e7meniz yeterlidir.<\/div>\n","protected":false},"excerpt":{"rendered":"<p><strong>Al\u00fcminyum \u0130nsekt Koruma Profilleri<\/strong><\/p>\n<div>Sineklikler, restoranlarda, otellerde, kamuya a\u00e7\u0131k ve ortak binalarda ve tabii ki konutlarda yayg\u0131n olarak kullan\u0131lmaktad\u0131r. Kullan\u0131m amac\u0131n\u0131n ba\u015fl\u0131ca hedefi, b\u00f6cekleri engellemektir. \u00c7er\u00e7eve i\u00e7in farkl\u0131 malzeme t\u00fcrleri bulunmaktad\u0131r, ancak en iyi malzeme al\u00fcminyum insekt koruma profilleridir.<\/div>\n","protected":false},"featured_media":990206,"comment_status":"closed","ping_status":"closed","template":"","meta":[],"product_brand":[],"product_cat":[550],"product_tag":[],"class_list":{"0":"post-991821","1":"product","2":"type-product","3":"status-publish","4":"has-post-thumbnail","6":"product_cat-aluminyum-profiller","8":"first","9":"instock","10":"shipping-taxable","11":"product-type-simple","12":"prodpage-style2"},"_links":{"self":[{"href":"https:\/\/bor-alu.de\/tr\/wp-json\/wp\/v2\/product\/991821","targetHints":{"allow":["GET"]}}],"collection":[{"href":"https:\/\/bor-alu.de\/tr\/wp-json\/wp\/v2\/product"}],"about":[{"href":"https:\/\/bor-alu.de\/tr\/wp-json\/wp\/v2\/types\/product"}],"replies":[{"embeddable":true,"href":"https:\/\/bor-alu.de\/tr\/wp-json\/wp\/v2\/comments?post=991821"}],"wp:featuredmedia":[{"embeddable":true,"href":"https:\/\/bor-alu.de\/tr\/wp-json\/wp\/v2\/media\/990206"}],"wp:attachment":[{"href":"https:\/\/bor-alu.de\/tr\/wp-json\/wp\/v2\/media?parent=991821"}],"wp:term":[{"taxonomy":"product_brand","embeddable":true,"href":"https:\/\/bor-alu.de\/tr\/wp-json\/wp\/v2\/product_brand?post=991821"},{"taxonomy":"product_cat","embeddable":true,"href":"https:\/\/bor-alu.de\/tr\/wp-json\/wp\/v2\/product_cat?post=991821"},{"taxonomy":"product_tag","embeddable":true,"href":"https:\/\/bor-alu.de\/tr\/wp-json\/wp\/v2\/product_tag?post=991821"}],"curies":[{"name":"wp","href":"https:\/\/api.w.org\/{rel}","templated":true}]}}