{"id":991822,"date":"2022-11-14T14:18:23","date_gmt":"2022-11-14T14:18:23","guid":{"rendered":"https:\/\/bor-alu.de\/product\/aluminium-scharnierprofil\/"},"modified":"2024-12-29T07:21:11","modified_gmt":"2024-12-29T07:21:11","slug":"alueminyum-mentese-profili","status":"publish","type":"product","link":"https:\/\/bor-alu.de\/tr\/product\/alueminyum-mentese-profili\/","title":{"rendered":"Al\u00fcminyum Mente\u015fe Profili"},"content":{"rendered":"<h2><strong>Al\u00fcminyum Mente\u015fe Profili Nedir?<\/strong><\/h2>\n<p>Genel olarak iki t\u00fcr mente\u015fe malzemesi vard\u0131r: \u00c7elik mente\u015feler ve al\u00fcminyum mente\u015fe profilleri. Al\u00fcminyum mente\u015fe profilleri, \u00e7elik mente\u015felerden daha az dayan\u0131kl\u0131d\u0131r, ancak daha hafiftir. Bir al\u00fcminyum mente\u015fe, genellikle bir \u00e7elik mente\u015feden %40 daha hafiftir. Bu, nesnelerin toplam a\u011f\u0131rl\u0131\u011f\u0131n\u0131 azaltmak i\u00e7in \u00e7ok faydal\u0131d\u0131r. Al\u00fcminyum kap\u0131 mente\u015felerinin bir di\u011fer \u00f6nemli avantaj\u0131 ise dayan\u0131kl\u0131l\u0131kt\u0131r. Al\u00fcminyum, hava ko\u015fullar\u0131na ve d\u0131\u015f etkenlere kar\u015f\u0131 olduk\u00e7a diren\u00e7li bir malzemedir. Neredeyse hi\u00e7 paslanmaz. Bu \u015fekilde, al\u00fcminyum mente\u015fe mekanizmas\u0131, kap\u0131n\u0131n uzun y\u0131llar boyunca kusursuz bir \u015fekilde \u00e7al\u0131\u015fmas\u0131na yard\u0131mc\u0131 olur.<\/p>\n<h3><strong>Al\u00fcminyum Kap\u0131 Profillerinin \u00d6zellikleri<\/strong><\/h3>\n<p>&nbsp;<\/p>\n<p>Al\u00fcminyum kap\u0131 profilleri, mente\u015fe olarak kullan\u0131lmak \u00fczere i\u00e7 mekanlarda kullan\u0131lmak \u00fczere \u00fcretilir. Bu, a\u011f\u0131r y\u00fckleri ta\u015f\u0131yabilen \u00e7ok g\u00fc\u00e7l\u00fc bir profil tipidir. Bu mente\u015fe t\u00fcrlerinin performans kalitesi, \u00e7ok geni\u015f bir kullan\u0131m alan\u0131na sahip olup olduk\u00e7a y\u00fcksektir. Ayr\u0131ca 19 mm al\u00fcminyum kap\u0131 profillerinde de kullan\u0131labilir. Her t\u00fcr kap\u0131 ile uyumlu olabilirler. Al\u00fcminyum kap\u0131 profili, i\u00e7 veya d\u0131\u015f kap\u0131larda kullan\u0131lmak i\u00e7in uygundur.<\/p>\n<ul>\n<li>Al\u00fcminyum kap\u0131larda ve ah\u015fap kap\u0131larda kullan\u0131labilir.<\/li>\n<li>\u0130stenilen boyutta \u00fcretilebilir.<\/li>\n<\/ul>\n<table>\n<tbody>\n<tr>\n<td width=\"307\">Malzeme<\/td>\n<td width=\"307\">Al\u00fcminyum<\/td>\n<\/tr>\n<tr>\n<td width=\"307\">Kullan\u0131m Alanlar\u0131<\/td>\n<td width=\"307\">Kap\u0131 mente\u015feleri olarak al\u00fcminyum profiller<\/td>\n<\/tr>\n<tr>\n<td width=\"307\">Uzunluk<\/td>\n<td width=\"307\">40 mm (1,575 in\u00e7) \/ iste\u011fe ba\u011fl\u0131 boyut<\/td>\n<\/tr>\n<tr>\n<td width=\"307\">Geni\u015flik<\/td>\n<td width=\"307\">40 mm (1,575 in\u00e7) \/ iste\u011fe ba\u011fl\u0131 boyut<\/td>\n<\/tr>\n<\/tbody>\n<\/table>\n<p>Bir <strong>Al\u00fcminyum Mente\u015fe Profili \u00dcreticisi<\/strong> ve <strong>Al\u00fcminyum Kap\u0131 Profili \u00dcreticisi<\/strong> ar\u0131yorsan\u0131z, bizimle ileti\u015fime ge\u00e7ebilirsiniz. Size en iyi hizmeti sunmak i\u00e7in buraday\u0131z. \u0130ndirimli fiyatlardan yararlanmak i\u00e7in bizi aray\u0131n.<\/p>\n<h3><strong>Al\u00fcminyum Mente\u015fe Profili Fiyatlar\u0131<\/strong><\/h3>\n<p>Al\u00fcminyum mente\u015fe profillerinin fiyatlar\u0131, al\u00fcminyum profilin boyutuna g\u00f6re de\u011fi\u015fir. Al\u00fcminyum mente\u015fe profilleri hakk\u0131nda daha fazla bilgi almak i\u00e7in bizimle ileti\u015fime ge\u00e7ebilirsiniz. Al\u00fcminyum mente\u015fe profili almay\u0131 pi\u015fmanl\u0131k duymayacaks\u0131n\u0131z. Bunlar olduk\u00e7a dayan\u0131kl\u0131, uzun \u00f6m\u00fcrl\u00fc ve etkili profil modelleridir. Al\u00fcminyum mente\u015fe profilleri hakk\u0131nda detayl\u0131 bilgi almak i\u00e7in bizimle ileti\u015fime ge\u00e7in.<\/p>\n","protected":false},"excerpt":{"rendered":"<p><strong>Al\u00fcminyum Mente\u015fe Profili<\/strong><\/p>\n<div>Bir mente\u015fe, iki farkl\u0131 nesneyi birbirine ba\u011flamak i\u00e7in kullan\u0131lan bir elemand\u0131r. Bir mente\u015fe, nesnelere montelenen iki par\u00e7adan olu\u015fur ve bu par\u00e7alar, mente\u015fede bulunan sabit bir eksende d\u00f6nerler. Bunlar\u0131n en bilinen t\u00fcr\u00fc kap\u0131 mente\u015feleridir. Genellikle, kap\u0131lar bir kap\u0131 mente\u015fesi ile kap\u0131 \u00e7er\u00e7evesine monte edilir. Mente\u015fe, kap\u0131n\u0131n ekseni etraf\u0131nda d\u00f6nmesini sa\u011flar, bu da kap\u0131n\u0131n a\u00e7\u0131lmas\u0131n\u0131 ve kapanmas\u0131n\u0131 m\u00fcmk\u00fcn k\u0131lar.<\/div>\n","protected":false},"featured_media":990204,"comment_status":"closed","ping_status":"closed","template":"","meta":[],"product_brand":[],"product_cat":[550],"product_tag":[],"class_list":{"0":"post-991822","1":"product","2":"type-product","3":"status-publish","4":"has-post-thumbnail","6":"product_cat-aluminyum-profiller","8":"first","9":"instock","10":"shipping-taxable","11":"product-type-simple","12":"prodpage-style2"},"_links":{"self":[{"href":"https:\/\/bor-alu.de\/tr\/wp-json\/wp\/v2\/product\/991822","targetHints":{"allow":["GET"]}}],"collection":[{"href":"https:\/\/bor-alu.de\/tr\/wp-json\/wp\/v2\/product"}],"about":[{"href":"https:\/\/bor-alu.de\/tr\/wp-json\/wp\/v2\/types\/product"}],"replies":[{"embeddable":true,"href":"https:\/\/bor-alu.de\/tr\/wp-json\/wp\/v2\/comments?post=991822"}],"wp:featuredmedia":[{"embeddable":true,"href":"https:\/\/bor-alu.de\/tr\/wp-json\/wp\/v2\/media\/990204"}],"wp:attachment":[{"href":"https:\/\/bor-alu.de\/tr\/wp-json\/wp\/v2\/media?parent=991822"}],"wp:term":[{"taxonomy":"product_brand","embeddable":true,"href":"https:\/\/bor-alu.de\/tr\/wp-json\/wp\/v2\/product_brand?post=991822"},{"taxonomy":"product_cat","embeddable":true,"href":"https:\/\/bor-alu.de\/tr\/wp-json\/wp\/v2\/product_cat?post=991822"},{"taxonomy":"product_tag","embeddable":true,"href":"https:\/\/bor-alu.de\/tr\/wp-json\/wp\/v2\/product_tag?post=991822"}],"curies":[{"name":"wp","href":"https:\/\/api.w.org\/{rel}","templated":true}]}}