{"id":991823,"date":"2022-11-14T14:18:23","date_gmt":"2022-11-14T14:18:23","guid":{"rendered":"https:\/\/bor-alu.de\/product\/duschkabinenprofile\/"},"modified":"2024-12-29T05:28:04","modified_gmt":"2024-12-29T05:28:04","slug":"dus-kabini-profilleri","status":"publish","type":"product","link":"https:\/\/bor-alu.de\/tr\/product\/dus-kabini-profilleri\/","title":{"rendered":"Du\u015f Kabini Profilleri"},"content":{"rendered":"<p>Al\u00fcminyum Profiller, farkl\u0131 boyutlarda ve istenilen stillerde \u00fcretilebilir. Bor Al\u00fcminyum olarak, en son teknolojiyle \u00fcretti\u011fimiz al\u00fcminyum profiller \u00e7ok g\u00fc\u00e7l\u00fc, dayan\u0131kl\u0131 ve sa\u011flamd\u0131r.<\/p>\n<p><strong>Al\u00fcminyum Du\u015f Kabini Profilleri Nedir?<\/strong><br \/>\nAl\u00fcminyum du\u015f kabini profilleri, g\u00fcn\u00fcm\u00fczde en pop\u00fcler profil t\u00fcrlerinden biridir. Du\u015f kabinlerine estetik ve modern bir g\u00f6r\u00fcn\u00fcm kazand\u0131ran al\u00fcminyum du\u015f profilleri olduk\u00e7a dayan\u0131kl\u0131d\u0131r. Ayn\u0131 zamanda temizlenmesi \u00e7ok kolayd\u0131r ve zamanla korozyona u\u011framazlar.<\/p>\n<p>Al\u00fcminyum du\u015f kabini profilleri, du\u015f kabinlerinin iskeleti olarak kullan\u0131l\u0131r, t\u0131pk\u0131 cam balkon profilleri gibi. Dayan\u0131kl\u0131l\u0131klar\u0131, suya kar\u015f\u0131 diren\u00e7leri ve \u015f\u0131kl\u0131klar\u0131 nedeniyle tercih edilirler. Al\u00fcminyum, hafif ama g\u00fc\u00e7l\u00fc bir metal oldu\u011fu i\u00e7in cam ve al\u00fcminyum du\u015f kabinlerinde yayg\u0131n olarak kullan\u0131l\u0131r.<\/p>\n<p>\u00d6te yandan, al\u00fcminyum olduk\u00e7a esnektir ve kolayca \u015fekil alabilir. Bu da farkl\u0131 modellerin tasar\u0131m\u0131nda olduk\u00e7a yard\u0131mc\u0131 olur. Al\u00fcminyumun suya kar\u015f\u0131 y\u00fcksek direnci sayesinde, du\u015f kabinlerinin bir\u00e7ok par\u00e7as\u0131 da al\u00fcminyumdan \u00fcretilmektedir.<\/p>\n<p><strong>Al\u00fcminyum Du\u015f Kabini Profillerinin \u00d6zellikleri:<\/strong><\/p>\n<ul>\n<li>Uygulama: Al\u00fcminyum Du\u015f Kabini<\/li>\n<li>Garanti: 20 y\u0131l<\/li>\n<li>Korozyon Direnci: Y\u00fcksek korozyon direnci<\/li>\n<li>Hava Ko\u015fullar\u0131na Dayan\u0131kl\u0131l\u0131k: 5-10 y\u0131l<\/li>\n<li>A\u015f\u0131nma ve \u00c7izilmelere Kar\u015f\u0131 Dayan\u0131kl\u0131l\u0131k: Evet<\/li>\n<li>Boyut: \u00d6zel boyutlar \u00fcretilebilir<\/li>\n<li>Malzeme: Al\u00fcminyum ala\u015f\u0131m\u0131<\/li>\n<\/ul>\n<p><strong>Sat\u0131l\u0131k Al\u00fcminyum Du\u015f Kabini Profilleri<\/strong><br \/>\nDu\u015f kabini i\u00e7in \u00fcretilen al\u00fcminyum profiller, ekibimiz taraf\u0131ndan s\u00fcrekli olarak daha y\u00fcksek kalite ve dinamik bir \u015fekilde g\u00fcncellenmektedir. \u00dcr\u00fcn yelpazemizi yenilikle geni\u015fletmeyi ve daha pratik \u00fcr\u00fcnler sunmay\u0131 hedefliyoruz.<\/p>\n<p>Al\u00fcminyum du\u015f kabini profili fiyatlar\u0131, boyutlara g\u00f6re de\u011fi\u015fmektedir. \u00c7e\u015fitli \u00f6zel boyutlarda \u00fcretilebilir. Bor Al\u00fcminyum olarak, size en kaliteli \u00fcr\u00fcnleri en uygun fiyatlarla sunuyoruz.<\/p>\n<p>Al\u00fcminyum profiller, zeminle m\u00fckemmel uyum sa\u011flar. Du\u015f profili olarak kullan\u0131lmas\u0131n\u0131n en \u00f6nemli nedeni, suya dayan\u0131kl\u0131 \u00f6zelliklere sahip olmas\u0131d\u0131r. Du\u015f zemini ile uyumlu olan al\u00fcminyum profiller, zemine e\u011fime g\u00f6re monte edilebilir. Bu \u00f6zellik onlar\u0131 olduk\u00e7a kullan\u0131\u015fl\u0131 k\u0131lar. Zeminin e\u011fiminin g\u00f6r\u00fcnmesini engelleyen profiller, suyun gider kanal\u0131na akmas\u0131n\u0131 sa\u011flar.<\/p>\n<p>G\u00f6rd\u00fc\u011f\u00fcn\u00fcz gibi, al\u00fcminyum du\u015f kabini profilleri \u00e7ok ba\u015far\u0131l\u0131 ve dayan\u0131kl\u0131 bir \u00fcr\u00fcnd\u00fcr. E\u011fer bir al\u00fcminyum du\u015f profili \u00fcreticisi ar\u0131yorsan\u0131z, do\u011fru yerdesiniz. Bor Al\u00fcminyum olarak, d\u00fcnya \u00e7ap\u0131nda \u00f6nemli bir hizmet a\u011f\u0131 olu\u015fturduk ve al\u00fcminyum profil \u00fcreticisi olarak sizi g\u00fcvenle hizmetlerimizden faydaland\u0131rabiliriz. Bizimle ileti\u015fime ge\u00e7ebilir ve du\u015f kabini profilleri \u00fcreticisi olarak bizi tercih edebilirsiniz.<\/p>\n","protected":false},"excerpt":{"rendered":"<p><strong>Al\u00fcminyum Du\u015f Kabini Profilleri<\/strong><\/p>\n<p>Giderek daha fazla insan b\u00fcy\u00fck \u015fehirlerde ya\u015famay\u0131 tercih ettik\u00e7e, daireler ve banyolar daha k\u00fc\u00e7\u00fck ama daha pratik hale gelmi\u015ftir. Banyodaki s\u0131n\u0131rl\u0131 alan\u0131 en verimli \u015fekilde kullanman\u0131n en etkili y\u00f6ntemlerinden biri du\u015f kabinleridir. Ve du\u015f kabinleri i\u00e7in en verimli malzemelerden biri al\u00fcminyumdur.<\/p>\n","protected":false},"featured_media":990202,"comment_status":"closed","ping_status":"closed","template":"","meta":[],"product_brand":[],"product_cat":[550],"product_tag":[],"class_list":{"0":"post-991823","1":"product","2":"type-product","3":"status-publish","4":"has-post-thumbnail","6":"product_cat-aluminyum-profiller","8":"first","9":"instock","10":"shipping-taxable","11":"product-type-simple","12":"prodpage-style2"},"_links":{"self":[{"href":"https:\/\/bor-alu.de\/tr\/wp-json\/wp\/v2\/product\/991823","targetHints":{"allow":["GET"]}}],"collection":[{"href":"https:\/\/bor-alu.de\/tr\/wp-json\/wp\/v2\/product"}],"about":[{"href":"https:\/\/bor-alu.de\/tr\/wp-json\/wp\/v2\/types\/product"}],"replies":[{"embeddable":true,"href":"https:\/\/bor-alu.de\/tr\/wp-json\/wp\/v2\/comments?post=991823"}],"wp:featuredmedia":[{"embeddable":true,"href":"https:\/\/bor-alu.de\/tr\/wp-json\/wp\/v2\/media\/990202"}],"wp:attachment":[{"href":"https:\/\/bor-alu.de\/tr\/wp-json\/wp\/v2\/media?parent=991823"}],"wp:term":[{"taxonomy":"product_brand","embeddable":true,"href":"https:\/\/bor-alu.de\/tr\/wp-json\/wp\/v2\/product_brand?post=991823"},{"taxonomy":"product_cat","embeddable":true,"href":"https:\/\/bor-alu.de\/tr\/wp-json\/wp\/v2\/product_cat?post=991823"},{"taxonomy":"product_tag","embeddable":true,"href":"https:\/\/bor-alu.de\/tr\/wp-json\/wp\/v2\/product_tag?post=991823"}],"curies":[{"name":"wp","href":"https:\/\/api.w.org\/{rel}","templated":true}]}}