{"id":991824,"date":"2022-11-14T14:18:23","date_gmt":"2022-11-14T14:18:23","guid":{"rendered":"https:\/\/bor-alu.de\/product\/aluminium-fensterbankprofile\/"},"modified":"2024-12-29T07:26:08","modified_gmt":"2024-12-29T07:26:08","slug":"alueminyum-pencere-esigi-profilleri","status":"publish","type":"product","link":"https:\/\/bor-alu.de\/tr\/product\/alueminyum-pencere-esigi-profilleri\/","title":{"rendered":"Al\u00fcminyum Pencere E\u015fi\u011fi Profilleri"},"content":{"rendered":"<div><strong>Al\u00fcminyum Pencere E\u015fi\u011fi Profilleri<\/strong><\/div>\n<div><\/div>\n<h2><strong>Al\u00fcminyum Pencere E\u015fi\u011fi Nedir?<\/strong><\/h2>\n<div><\/div>\n<div><strong>Al\u00fcminyum profil \u00fcreticisi<\/strong> olarak, al\u00fcminyum pencere e\u015fikleri de \u00fcretebiliriz. Bug\u00fcnlerde al\u00fcminyum do\u011frama \u00fcr\u00fcnlerinin ne kadar yayg\u0131n oldu\u011funu herkes biliyor. Al\u00fcminyum do\u011frama, t\u00fcm yeni in\u015fa edilen yap\u0131 sistemlerinde ve i\u00e7 mekan dekorasyonlar\u0131nda kullan\u0131lan, modern tasar\u0131m\u0131yla daha da pop\u00fcler hale gelmi\u015ftir. Modern bir \u00e7izgi yaratarak ayn\u0131 zamanda kullan\u0131\u015fl\u0131 \u00fcr\u00fcnler sunan do\u011frama, bug\u00fcn hem bir\u00e7ok \u00f6zel ki\u015fi hem de i\u015fletmeler taraf\u0131ndan kullan\u0131lmaktad\u0131r. Bu anlamda, firmam\u0131zda herkesin be\u011fenebilece\u011fi farkl\u0131 al\u00fcminyum do\u011frama modelleri \u00fcretilebilmektedir.<\/div>\n<div><\/div>\n<div>Rulolar ve jaluzilerden de anlayabilece\u011fimiz gibi, al\u00fcminyum bu \u00fcr\u00fcn i\u00e7in m\u00fckemmel bir malzemedir. Bir al\u00fcminyum pencere e\u015fi\u011fi, t\u00fcm bu hedeflere \u00e7ok az veya hi\u00e7 bak\u0131m masraf\u0131 gerektirmeden ula\u015fabilir. Al\u00fcminyum pencere e\u015fikleri ve al\u00fcminyum pencere e\u015fi\u011fi raylar\u0131, pencerelerimizi ve binalar\u0131m\u0131z\u0131 g\u00fcr\u00fclt\u00fc, ya\u011fmur suyu ve r\u00fczgar gibi \u00f6nemli hava ko\u015fullar\u0131ndan korumada olduk\u00e7a ba\u015far\u0131l\u0131d\u0131r. Ayr\u0131ca, \u0131s\u0131 yal\u0131t\u0131m\u0131nda da \u00e7ok faydal\u0131d\u0131r. D\u00fc\u015f\u00fck bak\u0131m maliyetleriyle, binan\u0131z\u0131n olduk\u00e7a avantajl\u0131 ve modern bir g\u00f6r\u00fcn\u00fcm\u00fcn\u00fc elde edebilirsiniz.<\/div>\n<div><\/div>\n<div>Al\u00fcminyum pencere profilleri, bir\u00e7ok diyagram ve \u00f6zellikle \u00fcretilebilen \u00fcr\u00fcnler olarak benzerdir.<\/div>\n<div><\/div>\n<ul>\n<li>Maksimum 3 metre uzunlu\u011funda \u00fcretilebilir.<\/li>\n<li>Farkl\u0131 renklerde pencere e\u015fikleri elde etmek i\u00e7in toz boyama yap\u0131labilir.<\/li>\n<li>Konut ve ticari binalarda kullan\u0131labilir.<\/li>\n<li>Al\u00fcminyum pencere e\u015fikleri, al\u00fcminyum ala\u015f\u0131mlar\u0131ndan \u00fcretilir.<\/li>\n<li>Bak\u0131m\u0131 kolayd\u0131r ve uzun kullan\u0131m \u00f6mr\u00fcne uygundur. En az 30 y\u0131l kullan\u0131m \u00f6mr\u00fcne sahiptir.<\/li>\n<\/ul>\n<div><strong>Al\u00fcminyum Pencere Profilleri ile Enerji Verimlili\u011finizi Art\u0131rabilirsiniz.<\/strong><\/div>\n<div>Al\u00fcminyum pencere profilleri, g\u00fcn\u00fcm\u00fczde en yayg\u0131n kullan\u0131lan profil t\u00fcrlerinden biridir. \u00c7\u00fcnk\u00fc suya ve neme kar\u015f\u0131 olduk\u00e7a dayan\u0131kl\u0131d\u0131r. Ayr\u0131ca \u0131s\u0131 verimlili\u011fi sunar. Bu nedenle, al\u00fcminyum pencere e\u015fikleri, evler i\u00e7in vazge\u00e7ilmez \u00fcr\u00fcnlerdir.<\/div>\n<div>E\u011fer d\u0131\u015far\u0131dan evinize girebilecek so\u011fuk havay\u0131 engellemek istiyorsan\u0131z, mutlaka al\u00fcminyum pencere e\u015fiklerini tercih etmelisiniz. Bildi\u011finiz gibi, al\u00fcminyum hafif bir malzemedir ve bu nedenle montaj\u0131 ve kurulumu olduk\u00e7a kolayd\u0131r.<\/div>\n<div>\u0130\u00e7 ve d\u0131\u015f mekan pencere e\u015fikleri olarak kullan\u0131lan pencere e\u015fikleri, her duvar yap\u0131s\u0131 ile uyumludur ve farkl\u0131 boyutlarda \u00fcretilebilir.<\/div>\n<div><\/div>\n<h2><strong>Al\u00fcminyum Pencere E\u015fiklerinin Avantajlar\u0131<\/strong><\/h2>\n<ul>\n<li>D\u0131\u015far\u0131dan evinize so\u011fuk havan\u0131n girmesini engeller.<\/li>\n<li>Hafiftir.<\/li>\n<li>Kurulumu kolayd\u0131r.<\/li>\n<li>\u00d6zel boyutlar \u00fcretilebilir.<\/li>\n<li>Hem geleneksel hem de modern k\u0131r evi stiline uygundur.<\/li>\n<li>Ah\u015fap ve al\u00fcminyum i\u00e7 ve d\u0131\u015f mekan uygulamalar\u0131 i\u00e7in uygundur.<\/li>\n<li>Mevcut liste \u00f6zelle\u015ftirilebilir.<\/li>\n<\/ul>\n<p>&nbsp;<\/p>\n<h2><strong>Al\u00fcminyum Pencere E\u015fiklerinin \u00d6zellikleri<\/strong><\/h2>\n<div>\n<table>\n<tbody>\n<tr>\n<td width=\"307\">M\u00fckemmel K\u00f6\u015fe Ba\u011flant\u0131s\u0131<\/td>\n<td width=\"307\">Express makine sistemi ile, pencereler m\u00fckemmel ve sorunsuz k\u00f6\u015fe ba\u011flant\u0131 sistemi ile daha uzun \u00f6m\u00fcrl\u00fc olmas\u0131n\u0131 sa\u011flar.<\/td>\n<\/tr>\n<tr>\n<td width=\"307\">\u00c7ift A\u00e7\u0131l\u0131m Uygulamas\u0131<\/td>\n<td width=\"307\">Pencere kanatlar\u0131 \u00fcst a\u00e7\u0131kl\u0131k pozisyonunda a\u00e7\u0131k kald\u0131\u011f\u0131 s\u00fcrece, odan\u0131n taze hava sirk\u00fclasyonu ve havaland\u0131rmas\u0131n\u0131 sa\u011flar, \u0131s\u0131 kayb\u0131 olmadan.<\/td>\n<\/tr>\n<tr>\n<td width=\"307\">Ayarlanabilir Pencere E\u015fi\u011fi Uygulama \u00d6zelli\u011fi<\/td>\n<td width=\"307\">\u00d6zel olarak geli\u015ftirilmi\u015f takmal\u0131 pencere e\u015fi\u011fi yata\u011f\u0131 sayesinde, pencere montaj\u0131 sonras\u0131 duvarda meydana gelen optik hatalar\u0131 gizler. Boya i\u015fleminden sonra tak\u0131labilen ayarlanabilir pencere e\u015fi\u011fi ile pencere ile uyumlu bir mimari g\u00f6r\u00fcn\u00fcm ve b\u00fct\u00fcnl\u00fck sa\u011flar.<\/td>\n<\/tr>\n<\/tbody>\n<\/table>\n<h3><strong style=\"color: var(--vamtam-primary-font-color); letter-spacing: var(--vamtam-primary-font-letter-spacing,normal);\">Al\u00fcminyum D\u0131\u015f Pencere E\u015fiklerini Sat\u0131n Al\u0131n<\/strong><\/h3>\n<\/div>\n<div><\/div>\n<div>Modern teknoloji ile birle\u015ftirilen al\u00fcminyum, pencere e\u015fiklerine zarafet katmaktad\u0131r. \u00c7ok y\u00fcksek dayan\u0131kl\u0131l\u0131\u011f\u0131 ve fonksiyonel kullan\u0131m\u0131 ile pencere e\u015fi\u011fi profilleri pencerenize estetik bir g\u00f6r\u00fcn\u00fcm kazand\u0131racakt\u0131r. Farkl\u0131 gri tonlar\u0131nda \u00fcretilebilen bu profiller, en yayg\u0131n kullan\u0131lan al\u00fcminyum profillerindendir.<\/div>\n<div>E\u011fer uzun y\u0131llar boyunca kullanabilece\u011finiz ve memnun kalaca\u011f\u0131n\u0131z bir \u00fcr\u00fcn ar\u0131yorsan\u0131z, al\u00fcminyum pencere e\u015fiklerini tercih edebilirsiniz. Bor Al\u00fcminyum olarak, al\u00fcminyum pencere e\u015fiklerinin \u00fcreticisiyiz. Al\u00fcminyum pencere e\u015fikleri hakk\u0131nda toptan bilgi almak i\u00e7in bizimle ileti\u015fime ge\u00e7ebilirsiniz. \u0130ndirimli fiyatlardan faydalanmak i\u00e7in bizimle ileti\u015fime ge\u00e7in!<\/div>\n","protected":false},"excerpt":{"rendered":"<p><strong>Al\u00fcminyum Pencere E\u015fi\u011fi Profilleri<\/strong><\/p>\n<div>Bir pencere e\u015fi\u011fi (veya nas\u0131l yaz\u0131ld\u0131\u011f\u0131yla pencere bankas\u0131), bir pencerenin d\u0131\u015f alt k\u0131sm\u0131na yatay olarak yerle\u015ftirilen yap\u0131sal bir in\u015faat malzemesidir. Bir pencere e\u015fi\u011finin en \u00f6nemli amac\u0131, pencereyi yerinde tutmakt\u0131r. Ayr\u0131ca, pencereyi ve duvar\u0131 ya\u011fmur suyundan korumada \u00e7ok etkilidirler. Son olarak, estetik amac\u0131 ta\u015f\u0131rlar.<\/div>\n","protected":false},"featured_media":990200,"comment_status":"closed","ping_status":"closed","template":"","meta":[],"product_brand":[],"product_cat":[550],"product_tag":[],"class_list":{"0":"post-991824","1":"product","2":"type-product","3":"status-publish","4":"has-post-thumbnail","6":"product_cat-aluminyum-profiller","8":"first","9":"instock","10":"shipping-taxable","11":"product-type-simple","12":"prodpage-style2"},"_links":{"self":[{"href":"https:\/\/bor-alu.de\/tr\/wp-json\/wp\/v2\/product\/991824","targetHints":{"allow":["GET"]}}],"collection":[{"href":"https:\/\/bor-alu.de\/tr\/wp-json\/wp\/v2\/product"}],"about":[{"href":"https:\/\/bor-alu.de\/tr\/wp-json\/wp\/v2\/types\/product"}],"replies":[{"embeddable":true,"href":"https:\/\/bor-alu.de\/tr\/wp-json\/wp\/v2\/comments?post=991824"}],"wp:featuredmedia":[{"embeddable":true,"href":"https:\/\/bor-alu.de\/tr\/wp-json\/wp\/v2\/media\/990200"}],"wp:attachment":[{"href":"https:\/\/bor-alu.de\/tr\/wp-json\/wp\/v2\/media?parent=991824"}],"wp:term":[{"taxonomy":"product_brand","embeddable":true,"href":"https:\/\/bor-alu.de\/tr\/wp-json\/wp\/v2\/product_brand?post=991824"},{"taxonomy":"product_cat","embeddable":true,"href":"https:\/\/bor-alu.de\/tr\/wp-json\/wp\/v2\/product_cat?post=991824"},{"taxonomy":"product_tag","embeddable":true,"href":"https:\/\/bor-alu.de\/tr\/wp-json\/wp\/v2\/product_tag?post=991824"}],"curies":[{"name":"wp","href":"https:\/\/api.w.org\/{rel}","templated":true}]}}