{"id":991825,"date":"2022-11-14T14:18:23","date_gmt":"2022-11-14T14:18:23","guid":{"rendered":"https:\/\/bor-alu.de\/product\/verschiedene-profile\/"},"modified":"2024-12-29T05:20:41","modified_gmt":"2024-12-29T05:20:41","slug":"cesitli-profiller","status":"publish","type":"product","link":"https:\/\/bor-alu.de\/tr\/product\/cesitli-profiller\/","title":{"rendered":"\u00c7e\u015fitli Profiller"},"content":{"rendered":"<div>Asl\u0131nda, belirli bir kullan\u0131m alanlar\u0131 yoktur. Ancak, di\u011fer al\u00fcminyum profil t\u00fcrleri gibi kolayca delinebilir veya kesilebilir olduklar\u0131ndan, kullan\u0131lacaklar\u0131 yere uygun hale getirmek i\u00e7in kesilebilirler.<\/div>\n<div>\u00d6te yandan, iki farkl\u0131 malzeme aras\u0131ndaki ba\u011flant\u0131y\u0131 kapatmak i\u00e7in bir \u00f6rt\u00fc\u015fme plakas\u0131 kullanmak m\u00fcmk\u00fcnd\u00fcr.<\/div>\n","protected":false},"excerpt":{"rendered":"<p><strong>\u00c7e\u015fitli Profiller<\/strong><\/p>\n<div>Bu t\u00fcr al\u00fcminyum ekstr\u00fczyon profilleri, yayg\u0131n ve bilinen al\u00fcminyum profil t\u00fcrlerinden farkl\u0131d\u0131r. Genel olarak tercih edilen al\u00fcminyum profil \u015fekillerinden farkl\u0131d\u0131rlar. \u00d6zel tasar\u0131mlar ve ihtiya\u00e7lara g\u00f6re \u00e7e\u015fitli a\u00e7\u0131 aral\u0131klar\u0131, kanallar, \u00e7ubuklar, levhalar ve di\u011fer al\u00fcminyum ekstr\u00fczyon profil t\u00fcrlerini \u00fcretiyoruz.<\/div>\n","protected":false},"featured_media":990198,"comment_status":"closed","ping_status":"closed","template":"","meta":[],"product_brand":[],"product_cat":[550],"product_tag":[],"class_list":{"0":"post-991825","1":"product","2":"type-product","3":"status-publish","4":"has-post-thumbnail","6":"product_cat-aluminyum-profiller","8":"first","9":"instock","10":"shipping-taxable","11":"product-type-simple","12":"prodpage-style2"},"_links":{"self":[{"href":"https:\/\/bor-alu.de\/tr\/wp-json\/wp\/v2\/product\/991825","targetHints":{"allow":["GET"]}}],"collection":[{"href":"https:\/\/bor-alu.de\/tr\/wp-json\/wp\/v2\/product"}],"about":[{"href":"https:\/\/bor-alu.de\/tr\/wp-json\/wp\/v2\/types\/product"}],"replies":[{"embeddable":true,"href":"https:\/\/bor-alu.de\/tr\/wp-json\/wp\/v2\/comments?post=991825"}],"wp:featuredmedia":[{"embeddable":true,"href":"https:\/\/bor-alu.de\/tr\/wp-json\/wp\/v2\/media\/990198"}],"wp:attachment":[{"href":"https:\/\/bor-alu.de\/tr\/wp-json\/wp\/v2\/media?parent=991825"}],"wp:term":[{"taxonomy":"product_brand","embeddable":true,"href":"https:\/\/bor-alu.de\/tr\/wp-json\/wp\/v2\/product_brand?post=991825"},{"taxonomy":"product_cat","embeddable":true,"href":"https:\/\/bor-alu.de\/tr\/wp-json\/wp\/v2\/product_cat?post=991825"},{"taxonomy":"product_tag","embeddable":true,"href":"https:\/\/bor-alu.de\/tr\/wp-json\/wp\/v2\/product_tag?post=991825"}],"curies":[{"name":"wp","href":"https:\/\/api.w.org\/{rel}","templated":true}]}}