{"id":991826,"date":"2022-11-14T14:18:23","date_gmt":"2022-11-14T14:18:23","guid":{"rendered":"https:\/\/bor-alu.de\/product\/bodenprofil\/"},"modified":"2024-12-28T16:01:21","modified_gmt":"2024-12-28T16:01:21","slug":"zemin-profili","status":"publish","type":"product","link":"https:\/\/bor-alu.de\/tr\/product\/zemin-profili\/","title":{"rendered":"Zemin Profili"},"content":{"rendered":"<div>Al\u00e7ak al\u00fcminyum zemin ba\u011flant\u0131 profili, farkl\u0131 zemin kaplamalar\u0131 aras\u0131ndaki bo\u015flu\u011fu kapatmak i\u00e7in e\u015fiklerde kullan\u0131l\u0131r.<\/div>\n<div><\/div>\n<div>Zemin profilleri, kullan\u0131ld\u0131klar\u0131 yere g\u00f6re de\u011fi\u015fiklik g\u00f6sterebilir. Baz\u0131 yayg\u0131n profil t\u00fcrleri \u015funlard\u0131r:<\/div>\n<div>\n<ul>\n<li>Ah\u015fap e\u015fik profili,<\/li>\n<li>Seramik e\u015fik profili,<\/li>\n<li>T-Profil,<\/li>\n<li>Z-Profil.<\/li>\n<\/ul>\n<\/div>\n","protected":false},"excerpt":{"rendered":"<p><strong>Al\u00fcminyum Zemin Profili<\/strong><\/p>\n<div>Zemin d\u00f6\u015feme teknikleri ve teknolojileri b\u00fcy\u00fck \u00f6l\u00e7\u00fcde geli\u015fti\u011fi i\u00e7in al\u00fcminyum zemin profilleri olduk\u00e7a \u00f6nemli hale gelmi\u015ftir. P\u00fcr\u00fczs\u00fcz, kolay temizlenebilir ve modern bir g\u00f6r\u00fcn\u00fcm elde etmek i\u00e7in laminat, seramik ve di\u011fer yeni t\u00fcrler kullan\u0131lmaktad\u0131r. Genellikle seramikler, banyolar veya mutfaklar gibi nemli alanlarda tercih edilir. Ancak, evin di\u011fer b\u00f6l\u00fcmleri i\u00e7in maliyet a\u00e7\u0131s\u0131ndan uygun ve \u015f\u0131k bir se\u00e7enek de\u011fildir.<\/div>\n","protected":false},"featured_media":990194,"comment_status":"closed","ping_status":"closed","template":"","meta":[],"product_brand":[],"product_cat":[550],"product_tag":[],"class_list":{"0":"post-991826","1":"product","2":"type-product","3":"status-publish","4":"has-post-thumbnail","6":"product_cat-aluminyum-profiller","8":"first","9":"instock","10":"shipping-taxable","11":"product-type-simple","12":"prodpage-style2"},"_links":{"self":[{"href":"https:\/\/bor-alu.de\/tr\/wp-json\/wp\/v2\/product\/991826","targetHints":{"allow":["GET"]}}],"collection":[{"href":"https:\/\/bor-alu.de\/tr\/wp-json\/wp\/v2\/product"}],"about":[{"href":"https:\/\/bor-alu.de\/tr\/wp-json\/wp\/v2\/types\/product"}],"replies":[{"embeddable":true,"href":"https:\/\/bor-alu.de\/tr\/wp-json\/wp\/v2\/comments?post=991826"}],"wp:featuredmedia":[{"embeddable":true,"href":"https:\/\/bor-alu.de\/tr\/wp-json\/wp\/v2\/media\/990194"}],"wp:attachment":[{"href":"https:\/\/bor-alu.de\/tr\/wp-json\/wp\/v2\/media?parent=991826"}],"wp:term":[{"taxonomy":"product_brand","embeddable":true,"href":"https:\/\/bor-alu.de\/tr\/wp-json\/wp\/v2\/product_brand?post=991826"},{"taxonomy":"product_cat","embeddable":true,"href":"https:\/\/bor-alu.de\/tr\/wp-json\/wp\/v2\/product_cat?post=991826"},{"taxonomy":"product_tag","embeddable":true,"href":"https:\/\/bor-alu.de\/tr\/wp-json\/wp\/v2\/product_tag?post=991826"}],"curies":[{"name":"wp","href":"https:\/\/api.w.org\/{rel}","templated":true}]}}