{"id":991827,"date":"2022-11-14T14:18:23","date_gmt":"2022-11-14T14:18:23","guid":{"rendered":"https:\/\/bor-alu.de\/product\/sockelleistenprofile\/"},"modified":"2024-12-28T15:56:13","modified_gmt":"2024-12-28T15:56:13","slug":"supurgelik-profilleri","status":"publish","type":"product","link":"https:\/\/bor-alu.de\/tr\/product\/supurgelik-profilleri\/","title":{"rendered":"S\u00fcp\u00fcrgelik Profilleri"},"content":{"rendered":"<div>Bir di\u011fer \u00f6nemli sebep ise g\u00f6r\u00fcn\u00fcm\u00fcd\u00fcr. S\u00fcp\u00fcrgelik, zemin kenar\u0131ndaki d\u00fczensizlikleri gizleme konusunda olduk\u00e7a ba\u015far\u0131l\u0131d\u0131r.<\/div>\n<div><\/div>\n<div>S\u00fcp\u00fcrgeliklerin ah\u015fap, vinil veya al\u00fcminyum gibi \u00e7e\u015fitli t\u00fcrleri vard\u0131r. En iyi ve en pratik olan\u0131 al\u00fcminyum s\u00fcp\u00fcrgeliktir. Kolayca monte edilebilir ve al\u00fcminyumun dayan\u0131kl\u0131l\u0131k ve uzun \u00f6m\u00fcr gibi avantajlar\u0131n\u0131 sunar. Ayr\u0131ca, al\u00fcminyum s\u00fcp\u00fcrgelik kaplamalar\u0131 i\u00e7in eloksal i\u015flemi sayesinde \u00e7ok geni\u015f bir renk se\u00e7ene\u011fi mevcuttur.<\/div>\n","protected":false},"excerpt":{"rendered":"<p><strong>Al\u00fcminyum S\u00fcp\u00fcrgelik Profilleri<\/strong><\/p>\n<div>S\u00fcp\u00fcrgelik, genellikle duvarlar\u0131n alt k\u0131sm\u0131nda kullan\u0131lan dekoratif bir yap\u0131 eleman\u0131d\u0131r. D\u0131\u015f mekanlarda kullan\u0131m \u00f6rnekleri olsa da, s\u00fcp\u00fcrgelik esasen i\u00e7 duvarlar i\u00e7in bir yap\u0131 eleman\u0131d\u0131r. Ana amac\u0131, duvar ve zemin aras\u0131ndaki birle\u015fim alan\u0131n\u0131 kapatmakt\u0131r. Peki neden s\u00fcp\u00fcrgelik kullan\u0131yoruz? S\u00fcp\u00fcrgelik kullanmam\u0131z\u0131n ana nedeni, birle\u015fim noktalar\u0131n\u0131 ve duvarlar\u0131n alt k\u0131s\u0131mlar\u0131n\u0131 darbelerden, mobilyalardan ve a\u015f\u0131nmalardan korumakt\u0131r.<\/div>\n","protected":false},"featured_media":990192,"comment_status":"closed","ping_status":"closed","template":"","meta":[],"product_brand":[],"product_cat":[550],"product_tag":[],"class_list":{"0":"post-991827","1":"product","2":"type-product","3":"status-publish","4":"has-post-thumbnail","6":"product_cat-aluminyum-profiller","8":"first","9":"instock","10":"shipping-taxable","11":"product-type-simple","12":"prodpage-style2"},"_links":{"self":[{"href":"https:\/\/bor-alu.de\/tr\/wp-json\/wp\/v2\/product\/991827","targetHints":{"allow":["GET"]}}],"collection":[{"href":"https:\/\/bor-alu.de\/tr\/wp-json\/wp\/v2\/product"}],"about":[{"href":"https:\/\/bor-alu.de\/tr\/wp-json\/wp\/v2\/types\/product"}],"replies":[{"embeddable":true,"href":"https:\/\/bor-alu.de\/tr\/wp-json\/wp\/v2\/comments?post=991827"}],"wp:featuredmedia":[{"embeddable":true,"href":"https:\/\/bor-alu.de\/tr\/wp-json\/wp\/v2\/media\/990192"}],"wp:attachment":[{"href":"https:\/\/bor-alu.de\/tr\/wp-json\/wp\/v2\/media?parent=991827"}],"wp:term":[{"taxonomy":"product_brand","embeddable":true,"href":"https:\/\/bor-alu.de\/tr\/wp-json\/wp\/v2\/product_brand?post=991827"},{"taxonomy":"product_cat","embeddable":true,"href":"https:\/\/bor-alu.de\/tr\/wp-json\/wp\/v2\/product_cat?post=991827"},{"taxonomy":"product_tag","embeddable":true,"href":"https:\/\/bor-alu.de\/tr\/wp-json\/wp\/v2\/product_tag?post=991827"}],"curies":[{"name":"wp","href":"https:\/\/api.w.org\/{rel}","templated":true}]}}