{"id":991828,"date":"2022-11-14T14:18:23","date_gmt":"2022-11-14T14:18:23","guid":{"rendered":"https:\/\/bor-alu.de\/product\/rahmenabdeckprofil\/"},"modified":"2024-12-28T16:01:52","modified_gmt":"2024-12-28T16:01:52","slug":"cerceve-kaplama-profili","status":"publish","type":"product","link":"https:\/\/bor-alu.de\/tr\/product\/cerceve-kaplama-profili\/","title":{"rendered":"\u00c7er\u00e7eve Kaplama Profili"},"content":{"rendered":"<div>Al\u00fcminyum reklam profilleri gibi, bu profiller de \u00e7er\u00e7eveyi kolayca a\u00e7\u0131p kapatmak i\u00e7in klipslere sahiptir. Ayr\u0131ca, estetik bir malzeme olan al\u00fcminyum, resimlerimizi veya di\u011fer \u00f6nemli belgelerimizi daha zarif hale getirir.<\/div>\n<div><\/div>\n<div>Genel olarak, al\u00fcminyum \u00e7er\u00e7eveler i\u00e7in \u00f6zel bir L \u015feklinde profil tercih edilir. Ancak, di\u011fer al\u00fcminyum t\u00fcrleri ve renkleri de tercih edilebilir. Bu metalin dayan\u0131kl\u0131l\u0131\u011f\u0131 nedeniyle, al\u00fcminyum \u00e7er\u00e7eve kaplama profilleri olduk\u00e7a yayg\u0131n olarak kullan\u0131lmaktad\u0131r.<\/div>\n","protected":false},"excerpt":{"rendered":"<p><strong>Al\u00fcminyum \u00c7er\u00e7eve Kaplama Profili<\/strong><\/p>\n<div>Al\u00fcminyum hayat\u0131m\u0131z\u0131 olduk\u00e7a kolayla\u015ft\u0131rm\u0131\u015ft\u0131r. \u00c7ok avantajl\u0131, etkili, dayan\u0131kl\u0131 ve estetik bir metal oldu\u011fu i\u00e7in hayat\u0131m\u0131z\u0131n neredeyse her alan\u0131nda kullan\u0131lmaktad\u0131r. Al\u00fcminyum profil kullan\u0131m\u0131n\u0131n bir t\u00fcr\u00fc de \u00e7er\u00e7eve kaplamalar i\u00e7indir. Al\u00fcminyum \u00e7er\u00e7eve kaplama profilleri, g\u00fczel resimlerimizi canl\u0131 tutmada olduk\u00e7a ba\u015far\u0131l\u0131d\u0131r.<\/div>\n","protected":false},"featured_media":990190,"comment_status":"closed","ping_status":"closed","template":"","meta":[],"product_brand":[],"product_cat":[550],"product_tag":[],"class_list":{"0":"post-991828","1":"product","2":"type-product","3":"status-publish","4":"has-post-thumbnail","6":"product_cat-aluminyum-profiller","8":"first","9":"instock","10":"shipping-taxable","11":"product-type-simple","12":"prodpage-style2"},"_links":{"self":[{"href":"https:\/\/bor-alu.de\/tr\/wp-json\/wp\/v2\/product\/991828","targetHints":{"allow":["GET"]}}],"collection":[{"href":"https:\/\/bor-alu.de\/tr\/wp-json\/wp\/v2\/product"}],"about":[{"href":"https:\/\/bor-alu.de\/tr\/wp-json\/wp\/v2\/types\/product"}],"replies":[{"embeddable":true,"href":"https:\/\/bor-alu.de\/tr\/wp-json\/wp\/v2\/comments?post=991828"}],"wp:featuredmedia":[{"embeddable":true,"href":"https:\/\/bor-alu.de\/tr\/wp-json\/wp\/v2\/media\/990190"}],"wp:attachment":[{"href":"https:\/\/bor-alu.de\/tr\/wp-json\/wp\/v2\/media?parent=991828"}],"wp:term":[{"taxonomy":"product_brand","embeddable":true,"href":"https:\/\/bor-alu.de\/tr\/wp-json\/wp\/v2\/product_brand?post=991828"},{"taxonomy":"product_cat","embeddable":true,"href":"https:\/\/bor-alu.de\/tr\/wp-json\/wp\/v2\/product_cat?post=991828"},{"taxonomy":"product_tag","embeddable":true,"href":"https:\/\/bor-alu.de\/tr\/wp-json\/wp\/v2\/product_tag?post=991828"}],"curies":[{"name":"wp","href":"https:\/\/api.w.org\/{rel}","templated":true}]}}