{"id":991829,"date":"2022-11-14T14:18:23","date_gmt":"2022-11-14T14:18:23","guid":{"rendered":"https:\/\/bor-alu.de\/product\/kuchenunterprofil\/"},"modified":"2024-12-28T16:14:53","modified_gmt":"2024-12-28T16:14:53","slug":"mutfak-alt-profili","status":"publish","type":"product","link":"https:\/\/bor-alu.de\/tr\/product\/mutfak-alt-profili\/","title":{"rendered":"Mutfak Alt Profili"},"content":{"rendered":"","protected":false},"excerpt":{"rendered":"<p><strong>Mutfak Alt Profili<\/strong><\/p>\n<div>Bir di\u011fer yenilik\u00e7i al\u00fcminyum \u00fcr\u00fcn, mutfakta mutfak mobilyalar\u0131n\u0131n alt k\u0131s\u0131mlar\u0131n\u0131 korumak i\u00e7in kullan\u0131l\u0131r. Mutfak alt profili veya mutfak mobilyas\u0131 zemin kaplama profili, bir mutfak mobilyas\u0131n\u0131n veya mutfak adas\u0131n\u0131n alt k\u0131sm\u0131 ile zemin aras\u0131na yerle\u015ftirilen bir al\u00fcminyum profildir.<\/div>\n","protected":false},"featured_media":990188,"comment_status":"closed","ping_status":"closed","template":"","meta":[],"product_brand":[],"product_cat":[550],"product_tag":[],"class_list":{"0":"post-991829","1":"product","2":"type-product","3":"status-publish","4":"has-post-thumbnail","6":"product_cat-aluminyum-profiller","8":"first","9":"instock","10":"shipping-taxable","11":"product-type-simple","12":"prodpage-style2"},"_links":{"self":[{"href":"https:\/\/bor-alu.de\/tr\/wp-json\/wp\/v2\/product\/991829","targetHints":{"allow":["GET"]}}],"collection":[{"href":"https:\/\/bor-alu.de\/tr\/wp-json\/wp\/v2\/product"}],"about":[{"href":"https:\/\/bor-alu.de\/tr\/wp-json\/wp\/v2\/types\/product"}],"replies":[{"embeddable":true,"href":"https:\/\/bor-alu.de\/tr\/wp-json\/wp\/v2\/comments?post=991829"}],"wp:featuredmedia":[{"embeddable":true,"href":"https:\/\/bor-alu.de\/tr\/wp-json\/wp\/v2\/media\/990188"}],"wp:attachment":[{"href":"https:\/\/bor-alu.de\/tr\/wp-json\/wp\/v2\/media?parent=991829"}],"wp:term":[{"taxonomy":"product_brand","embeddable":true,"href":"https:\/\/bor-alu.de\/tr\/wp-json\/wp\/v2\/product_brand?post=991829"},{"taxonomy":"product_cat","embeddable":true,"href":"https:\/\/bor-alu.de\/tr\/wp-json\/wp\/v2\/product_cat?post=991829"},{"taxonomy":"product_tag","embeddable":true,"href":"https:\/\/bor-alu.de\/tr\/wp-json\/wp\/v2\/product_tag?post=991829"}],"curies":[{"name":"wp","href":"https:\/\/api.w.org\/{rel}","templated":true}]}}