{"id":991830,"date":"2022-11-14T14:18:23","date_gmt":"2022-11-14T14:18:23","guid":{"rendered":"https:\/\/bor-alu.de\/product\/schiebepofiele\/"},"modified":"2024-12-28T16:13:59","modified_gmt":"2024-12-28T16:13:59","slug":"surgu-profilleri","status":"publish","type":"product","link":"https:\/\/bor-alu.de\/tr\/product\/surgu-profilleri\/","title":{"rendered":"S\u00fcrg\u00fc Profilleri"},"content":{"rendered":"<p><a>Eloksall\u0131 al\u00fcminyum s\u00fcrg\u00fc profili, s\u00fcrg\u00fc eleman\u0131 olarak olduk\u00e7a ba\u015far\u0131l\u0131d\u0131r. \u0130ster pencere, kap\u0131 ister mobilya i\u00e7in kullan\u0131n, ortak bir \u00f6zellik olarak \u00e7ok s\u0131k tercih edilirler. Bu nedenle, al\u00fcminyum, y\u0131llarca sorunsuz bir \u015fekilde kullanman\u0131za olanak tan\u0131yan harika bir \u00e7\u00f6z\u00fcmd\u00fcr. Olduk\u00e7a i\u015flevseldirler ve t\u00fcm \u00fcr\u00fcn\u00fcn \u00f6mr\u00fcn\u00fc uzat\u0131rlar.<\/a><\/p>\n","protected":false},"excerpt":{"rendered":"<p><strong>Al\u00fcminyum S\u00fcrg\u00fc Profilleri<\/strong><\/p>\n<div>Al\u00fcminyum, bir\u00e7ok farkl\u0131 ama\u00e7 i\u00e7in kullan\u0131lan harika bir malzemedir. S\u00fcrg\u00fc par\u00e7alar\u0131 i\u00e7in al\u00fcminyum profil, bu malzemenin ba\u015fka bir \u00f6rne\u011fidir. Al\u00fcminyum s\u00fcrg\u00fc profilleri; kap\u0131lar, pencereler, mobilyalar gibi bir\u00e7ok farkl\u0131 \u00fcr\u00fcn i\u00e7in kullan\u0131l\u0131r. Al\u00fcminyum \u00e7ok dayan\u0131kl\u0131 bir metal oldu\u011fu i\u00e7in s\u00fcrg\u00fc eleman\u0131 olarak s\u0131kl\u0131kla tercih edilir.<\/div>\n","protected":false},"featured_media":990186,"comment_status":"closed","ping_status":"closed","template":"","meta":[],"product_brand":[],"product_cat":[550],"product_tag":[],"class_list":{"0":"post-991830","1":"product","2":"type-product","3":"status-publish","4":"has-post-thumbnail","6":"product_cat-aluminyum-profiller","8":"first","9":"instock","10":"shipping-taxable","11":"product-type-simple","12":"prodpage-style2"},"_links":{"self":[{"href":"https:\/\/bor-alu.de\/tr\/wp-json\/wp\/v2\/product\/991830","targetHints":{"allow":["GET"]}}],"collection":[{"href":"https:\/\/bor-alu.de\/tr\/wp-json\/wp\/v2\/product"}],"about":[{"href":"https:\/\/bor-alu.de\/tr\/wp-json\/wp\/v2\/types\/product"}],"replies":[{"embeddable":true,"href":"https:\/\/bor-alu.de\/tr\/wp-json\/wp\/v2\/comments?post=991830"}],"wp:featuredmedia":[{"embeddable":true,"href":"https:\/\/bor-alu.de\/tr\/wp-json\/wp\/v2\/media\/990186"}],"wp:attachment":[{"href":"https:\/\/bor-alu.de\/tr\/wp-json\/wp\/v2\/media?parent=991830"}],"wp:term":[{"taxonomy":"product_brand","embeddable":true,"href":"https:\/\/bor-alu.de\/tr\/wp-json\/wp\/v2\/product_brand?post=991830"},{"taxonomy":"product_cat","embeddable":true,"href":"https:\/\/bor-alu.de\/tr\/wp-json\/wp\/v2\/product_cat?post=991830"},{"taxonomy":"product_tag","embeddable":true,"href":"https:\/\/bor-alu.de\/tr\/wp-json\/wp\/v2\/product_tag?post=991830"}],"curies":[{"name":"wp","href":"https:\/\/api.w.org\/{rel}","templated":true}]}}