{"id":991831,"date":"2022-11-14T14:18:23","date_gmt":"2022-11-14T14:18:23","guid":{"rendered":"https:\/\/bor-alu.de\/product\/kantenabdeckprofil\/"},"modified":"2024-12-28T16:12:58","modified_gmt":"2024-12-28T16:12:58","slug":"kenar-kaplama-profili","status":"publish","type":"product","link":"https:\/\/bor-alu.de\/tr\/product\/kenar-kaplama-profili\/","title":{"rendered":"Kenar Kaplama Profili"},"content":{"rendered":"<div>Al\u00fcminyum, \u00e7ok dayan\u0131kl\u0131 ve estetik bir malzeme oldu\u011fundan, al\u00fcminyum kenar kaplama profili kenar kullan\u0131m\u0131 i\u00e7in m\u00fckemmel bir se\u00e7im haline gelmektedir.<\/div>\n<div><\/div>\n<div>\u0130htiyaca g\u00f6re profil farkl\u0131 \u015fekillerde olabilir. Ancak genellikle L \u015feklinde veya bu \u015fekle benzer bir formdad\u0131rlar.<\/div>\n","protected":false},"excerpt":{"rendered":"<p><strong>Al\u00fcminyum Kenar Kaplama Profili<\/strong><\/p>\n<div>Al\u00fcminyum kenar kaplama profili veya al\u00fcminyum k\u00f6\u015fe profili, esas olarak koruma amac\u0131yla kullan\u0131l\u0131r. G\u00fcnl\u00fck hayatta kulland\u0131\u011f\u0131m\u0131z ve keskin k\u00f6\u015felere sahip bir\u00e7ok e\u015fya veya mobilya bulunmaktad\u0131r. Al\u00fcminyum kenar koruma, bu k\u00f6\u015felerin tehlikelerinden bizi veya \u00e7ocuklar\u0131m\u0131z\u0131 korumak i\u00e7in kullan\u0131l\u0131r. K\u00f6\u015felerde keskin olan her \u015fey bir kaplamaya ihtiya\u00e7 duyar.<\/div>\n","protected":false},"featured_media":990184,"comment_status":"closed","ping_status":"closed","template":"","meta":[],"product_brand":[],"product_cat":[550],"product_tag":[],"class_list":{"0":"post-991831","1":"product","2":"type-product","3":"status-publish","4":"has-post-thumbnail","6":"product_cat-aluminyum-profiller","8":"first","9":"instock","10":"shipping-taxable","11":"product-type-simple","12":"prodpage-style2"},"_links":{"self":[{"href":"https:\/\/bor-alu.de\/tr\/wp-json\/wp\/v2\/product\/991831","targetHints":{"allow":["GET"]}}],"collection":[{"href":"https:\/\/bor-alu.de\/tr\/wp-json\/wp\/v2\/product"}],"about":[{"href":"https:\/\/bor-alu.de\/tr\/wp-json\/wp\/v2\/types\/product"}],"replies":[{"embeddable":true,"href":"https:\/\/bor-alu.de\/tr\/wp-json\/wp\/v2\/comments?post=991831"}],"wp:featuredmedia":[{"embeddable":true,"href":"https:\/\/bor-alu.de\/tr\/wp-json\/wp\/v2\/media\/990184"}],"wp:attachment":[{"href":"https:\/\/bor-alu.de\/tr\/wp-json\/wp\/v2\/media?parent=991831"}],"wp:term":[{"taxonomy":"product_brand","embeddable":true,"href":"https:\/\/bor-alu.de\/tr\/wp-json\/wp\/v2\/product_brand?post=991831"},{"taxonomy":"product_cat","embeddable":true,"href":"https:\/\/bor-alu.de\/tr\/wp-json\/wp\/v2\/product_cat?post=991831"},{"taxonomy":"product_tag","embeddable":true,"href":"https:\/\/bor-alu.de\/tr\/wp-json\/wp\/v2\/product_tag?post=991831"}],"curies":[{"name":"wp","href":"https:\/\/api.w.org\/{rel}","templated":true}]}}