{"id":991832,"date":"2022-11-14T14:18:23","date_gmt":"2022-11-14T14:18:23","guid":{"rendered":"https:\/\/bor-alu.de\/product\/gola-griffprofile\/"},"modified":"2024-12-28T16:11:52","modified_gmt":"2024-12-28T16:11:52","slug":"gola-griffprofile","status":"publish","type":"product","link":"https:\/\/bor-alu.de\/tr\/product\/gola-griffprofile\/","title":{"rendered":"Gola Tutamak Profilleri"},"content":{"rendered":"<div>Gola profillerinin farkl\u0131 t\u00fcrleri aras\u0131nda Gola C Profili, Gola L \u015eekilli Profil ve J Profili bulunmaktad\u0131r. C ve J \u015fekilli profiller, yatay veya dikey profiller olarak da bilinir. Yayg\u0131n kullan\u0131lan bir di\u011fer Gola profili ise Al\u00fcminyum D\u00fcz Gola Profilidir. Bu stilde, monte edilen profil tutamaklar\u0131 45\u00b0 a\u00e7\u0131yla kesilir, bu da harika bir g\u00f6r\u00fcn\u00fcm sa\u011flar, daha dayan\u0131kl\u0131 hale getirir ve temizli\u011fi olduk\u00e7a kolayla\u015ft\u0131r\u0131r.<\/div>\n","protected":false},"excerpt":{"rendered":"<p><strong>Gola Al\u00fcminyum Profilleri<\/strong><\/p>\n<p>Modern mutfak tasar\u0131m\u0131 hakk\u0131nda konu\u015fuldu\u011funda, tercih edilen yeni stillerden biri <strong>Gola Al\u00fcminyum Profili<\/strong>dir. <strong>Gola Profili<\/strong>, mutfak dolap kapaklar\u0131nda ve \u00e7ekmecelerde tutamak olarak kullan\u0131l\u0131r. S\u00fcrekli profil olarak da bilinen Gola Profili, m\u00fckemmel fonksiyonel \u00f6zellikleriyle modern ve estetik bir g\u00f6r\u00fcn\u00fcm olu\u015fturur.<\/p>\n","protected":false},"featured_media":990182,"comment_status":"closed","ping_status":"closed","template":"","meta":[],"product_brand":[],"product_cat":[550],"product_tag":[],"class_list":{"0":"post-991832","1":"product","2":"type-product","3":"status-publish","4":"has-post-thumbnail","6":"product_cat-aluminyum-profiller","8":"first","9":"instock","10":"shipping-taxable","11":"product-type-simple","12":"prodpage-style2"},"_links":{"self":[{"href":"https:\/\/bor-alu.de\/tr\/wp-json\/wp\/v2\/product\/991832","targetHints":{"allow":["GET"]}}],"collection":[{"href":"https:\/\/bor-alu.de\/tr\/wp-json\/wp\/v2\/product"}],"about":[{"href":"https:\/\/bor-alu.de\/tr\/wp-json\/wp\/v2\/types\/product"}],"replies":[{"embeddable":true,"href":"https:\/\/bor-alu.de\/tr\/wp-json\/wp\/v2\/comments?post=991832"}],"wp:featuredmedia":[{"embeddable":true,"href":"https:\/\/bor-alu.de\/tr\/wp-json\/wp\/v2\/media\/990182"}],"wp:attachment":[{"href":"https:\/\/bor-alu.de\/tr\/wp-json\/wp\/v2\/media?parent=991832"}],"wp:term":[{"taxonomy":"product_brand","embeddable":true,"href":"https:\/\/bor-alu.de\/tr\/wp-json\/wp\/v2\/product_brand?post=991832"},{"taxonomy":"product_cat","embeddable":true,"href":"https:\/\/bor-alu.de\/tr\/wp-json\/wp\/v2\/product_cat?post=991832"},{"taxonomy":"product_tag","embeddable":true,"href":"https:\/\/bor-alu.de\/tr\/wp-json\/wp\/v2\/product_tag?post=991832"}],"curies":[{"name":"wp","href":"https:\/\/api.w.org\/{rel}","templated":true}]}}