{"id":991833,"date":"2022-11-14T14:18:23","date_gmt":"2022-11-14T14:18:23","guid":{"rendered":"https:\/\/bor-alu.de\/product\/griffprofil\/"},"modified":"2024-12-28T16:10:40","modified_gmt":"2024-12-28T16:10:40","slug":"tutamak-profili","status":"publish","type":"product","link":"https:\/\/bor-alu.de\/tr\/product\/tutamak-profili\/","title":{"rendered":"Tutamak Profili"},"content":{"rendered":"<div>Al\u00fcminyum profil tutamaklar\u0131 genellikle mutfak mobilyalar\u0131 ve di\u011fer mobilya t\u00fcrleri i\u00e7in kullan\u0131l\u0131r. Alt\u0131n tutamak gibi, al\u00fcminyum da tutamaklar i\u00e7in dayan\u0131kl\u0131 ve estetik bir malzemedir. Mutfak dolaplar\u0131 ve \u00e7ekmeceleri, mutfaklarda al\u00fcminyum profil tutamaklar\u0131n\u0131n ideal \u00f6rnekleridir.<\/div>\n<div><\/div>\n<div>Bir di\u011fer yayg\u0131n \u00f6rnek ise yatak odas\u0131 mobilyalar\u0131d\u0131r. Gard\u0131rop s\u00fcrg\u00fc kap\u0131lar\u0131 i\u00e7in al\u00fcminyum profil tutamaklar\u0131, kolay kullan\u0131m ve temizlik i\u00e7in idealdir. Tutamak profil t\u00fcrlerimizi web sitemizde g\u00f6rebilirsiniz.<\/div>\n","protected":false},"excerpt":{"rendered":"<p><strong>Al\u00fcminyum Profil Tutama\u011f\u0131<\/strong><\/p>\n<div>Al\u00fcminyum, m\u00fckemmel bir metal olup bir\u00e7ok farkl\u0131 sekt\u00f6rde \u00e7ok y\u00f6nl\u00fc bir \u015fekilde kullan\u0131lmaktad\u0131r. Bor Al\u00fcminyum olarak, web sitemizde ve blogumuzda al\u00fcminyumun avantajlar\u0131 ve \u015f\u0131k tasar\u0131mlar\u0131 hakk\u0131nda \u00e7ok \u015fey payla\u015ft\u0131k. Al\u00fcminyum \u00fcr\u00fcnlerden en yayg\u0131n olanlar\u0131ndan biri tutamakt\u0131r.<\/div>\n","protected":false},"featured_media":990180,"comment_status":"closed","ping_status":"closed","template":"","meta":[],"product_brand":[],"product_cat":[550],"product_tag":[],"class_list":{"0":"post-991833","1":"product","2":"type-product","3":"status-publish","4":"has-post-thumbnail","6":"product_cat-aluminyum-profiller","8":"first","9":"instock","10":"shipping-taxable","11":"product-type-simple","12":"prodpage-style2"},"_links":{"self":[{"href":"https:\/\/bor-alu.de\/tr\/wp-json\/wp\/v2\/product\/991833","targetHints":{"allow":["GET"]}}],"collection":[{"href":"https:\/\/bor-alu.de\/tr\/wp-json\/wp\/v2\/product"}],"about":[{"href":"https:\/\/bor-alu.de\/tr\/wp-json\/wp\/v2\/types\/product"}],"replies":[{"embeddable":true,"href":"https:\/\/bor-alu.de\/tr\/wp-json\/wp\/v2\/comments?post=991833"}],"wp:featuredmedia":[{"embeddable":true,"href":"https:\/\/bor-alu.de\/tr\/wp-json\/wp\/v2\/media\/990180"}],"wp:attachment":[{"href":"https:\/\/bor-alu.de\/tr\/wp-json\/wp\/v2\/media?parent=991833"}],"wp:term":[{"taxonomy":"product_brand","embeddable":true,"href":"https:\/\/bor-alu.de\/tr\/wp-json\/wp\/v2\/product_brand?post=991833"},{"taxonomy":"product_cat","embeddable":true,"href":"https:\/\/bor-alu.de\/tr\/wp-json\/wp\/v2\/product_cat?post=991833"},{"taxonomy":"product_tag","embeddable":true,"href":"https:\/\/bor-alu.de\/tr\/wp-json\/wp\/v2\/product_tag?post=991833"}],"curies":[{"name":"wp","href":"https:\/\/api.w.org\/{rel}","templated":true}]}}