{"id":991834,"date":"2022-11-14T14:18:23","date_gmt":"2022-11-14T14:18:23","guid":{"rendered":"https:\/\/bor-alu.de\/product\/c60-series-fensterrahmen\/"},"modified":"2024-12-28T16:08:20","modified_gmt":"2024-12-28T16:08:20","slug":"c60-serisi-pencere-cerceveleri","status":"publish","type":"product","link":"https:\/\/bor-alu.de\/tr\/product\/c60-serisi-pencere-cerceveleri\/","title":{"rendered":"C60 Serisi Pencere \u00c7er\u00e7eveleri"},"content":{"rendered":"<div><\/div>\n<div>Al\u00fcminyum C60 pencere \u00e7er\u00e7eve sistemleri, 60 mm kal\u0131nl\u0131\u011f\u0131nda olup hem i\u00e7e hem de d\u0131\u015fa hareket edebilme \u00f6zelli\u011fine sahiptir. \u0130\u00e7 mekanlarda kullan\u0131ld\u0131klar\u0131 i\u00e7in \u0131s\u0131ya dayan\u0131kl\u0131 de\u011fildirler. \u00d6te yandan, bu profillerdeki cam panelleri de\u011fi\u015ftirmek olduk\u00e7a kolayd\u0131r. Harika bir manzara sunarlar. Ayr\u0131ca, daha fazla alan tasarrufu sa\u011flama konusunda olduk\u00e7a ba\u015far\u0131l\u0131d\u0131rlar. Bu, C60 al\u00fcminyum pencere \u00e7er\u00e7evelerinin kullan\u0131lmas\u0131n\u0131n ba\u015fl\u0131ca \u00f6zellikleri ve nedenleridir.<\/div>\n","protected":false},"excerpt":{"rendered":"<p><strong>Al\u00fcminyum C60 Serisi Pencere \u00c7er\u00e7eveleri<\/strong><\/p>\n<div>C60 serisi, pencere \u00e7er\u00e7eveleri i\u00e7in kullan\u0131lan bir al\u00fcminyum profil t\u00fcr\u00fcd\u00fcr. Bu pencereler genellikle i\u00e7 mekanlarda, \u00f6zellikle vitrinlerde ve sergi alanlar\u0131nda kullan\u0131l\u0131r. C60 serisinin en belirgin \u00f6zelli\u011fi, \u0131s\u0131 yal\u0131t\u0131ml\u0131 olmamas\u0131d\u0131r.<\/div>\n","protected":false},"featured_media":990178,"comment_status":"closed","ping_status":"closed","template":"","meta":[],"product_brand":[],"product_cat":[550],"product_tag":[],"class_list":{"0":"post-991834","1":"product","2":"type-product","3":"status-publish","4":"has-post-thumbnail","6":"product_cat-aluminyum-profiller","8":"first","9":"instock","10":"shipping-taxable","11":"product-type-simple","12":"prodpage-style2"},"_links":{"self":[{"href":"https:\/\/bor-alu.de\/tr\/wp-json\/wp\/v2\/product\/991834","targetHints":{"allow":["GET"]}}],"collection":[{"href":"https:\/\/bor-alu.de\/tr\/wp-json\/wp\/v2\/product"}],"about":[{"href":"https:\/\/bor-alu.de\/tr\/wp-json\/wp\/v2\/types\/product"}],"replies":[{"embeddable":true,"href":"https:\/\/bor-alu.de\/tr\/wp-json\/wp\/v2\/comments?post=991834"}],"wp:featuredmedia":[{"embeddable":true,"href":"https:\/\/bor-alu.de\/tr\/wp-json\/wp\/v2\/media\/990178"}],"wp:attachment":[{"href":"https:\/\/bor-alu.de\/tr\/wp-json\/wp\/v2\/media?parent=991834"}],"wp:term":[{"taxonomy":"product_brand","embeddable":true,"href":"https:\/\/bor-alu.de\/tr\/wp-json\/wp\/v2\/product_brand?post=991834"},{"taxonomy":"product_cat","embeddable":true,"href":"https:\/\/bor-alu.de\/tr\/wp-json\/wp\/v2\/product_cat?post=991834"},{"taxonomy":"product_tag","embeddable":true,"href":"https:\/\/bor-alu.de\/tr\/wp-json\/wp\/v2\/product_tag?post=991834"}],"curies":[{"name":"wp","href":"https:\/\/api.w.org\/{rel}","templated":true}]}}