{"id":991835,"date":"2022-11-14T14:18:23","date_gmt":"2022-11-14T14:18:23","guid":{"rendered":"https:\/\/bor-alu.de\/product\/haken-regal-led-und-mf-griffprofile\/"},"modified":"2024-12-28T16:04:44","modified_gmt":"2024-12-28T16:04:44","slug":"kanca-raf-led-ve-mf-tutamak-profilleri","status":"publish","type":"product","link":"https:\/\/bor-alu.de\/tr\/product\/kanca-raf-led-ve-mf-tutamak-profilleri\/","title":{"rendered":"Kanca, Raf, LED ve MF Tutamak Profilleri"},"content":{"rendered":"<div>Bu profil kategorisi, raflar, LED ayd\u0131nlatma ve tutamak profilleri i\u00e7in de kullan\u0131labilir. Al\u00fcminyum tutamak profilleri, dolap veya \u015fifonyer kapaklar\u0131nda kullan\u0131l\u0131r. Ayr\u0131ca \u00e7ekmeceler i\u00e7in de kullan\u0131lmas\u0131 m\u00fcmk\u00fcnd\u00fcr. Tutamak profil t\u00fcrleri, U-, Z-, C-, G- veya di\u011fer baz\u0131 al\u00fcminyum profil t\u00fcrleri olabilir.<\/div>\n","protected":false},"excerpt":{"rendered":"<p><strong>Kanca, Raf, LED ve MF Tutamak Profilleri<\/strong><\/p>\n<div>Ad\u0131ndan da anla\u015f\u0131laca\u011f\u0131 gibi, bu profil t\u00fcrleri geni\u015f bir kullan\u0131m alan\u0131na sahiptir. \u0130lk olarak al\u00fcminyum kanca profili. Bunlar \u00e7ama\u015f\u0131r, giysi vb. asmak i\u00e7in kullan\u0131l\u0131r. Evlerimizde kulland\u0131\u011f\u0131m\u0131z balkonlarda veya ta\u015f\u0131nabilir \u00e7ama\u015f\u0131r kurutucularda bulunanlar, genellikle yuvarlak borular veya benzer profillerden olu\u015fan al\u00fcminyum kanca profilleridir.<\/div>\n","protected":false},"featured_media":990196,"comment_status":"closed","ping_status":"closed","template":"","meta":[],"product_brand":[],"product_cat":[550],"product_tag":[],"class_list":{"0":"post-991835","1":"product","2":"type-product","3":"status-publish","4":"has-post-thumbnail","6":"product_cat-aluminyum-profiller","8":"first","9":"instock","10":"shipping-taxable","11":"product-type-simple","12":"prodpage-style2"},"_links":{"self":[{"href":"https:\/\/bor-alu.de\/tr\/wp-json\/wp\/v2\/product\/991835","targetHints":{"allow":["GET"]}}],"collection":[{"href":"https:\/\/bor-alu.de\/tr\/wp-json\/wp\/v2\/product"}],"about":[{"href":"https:\/\/bor-alu.de\/tr\/wp-json\/wp\/v2\/types\/product"}],"replies":[{"embeddable":true,"href":"https:\/\/bor-alu.de\/tr\/wp-json\/wp\/v2\/comments?post=991835"}],"wp:featuredmedia":[{"embeddable":true,"href":"https:\/\/bor-alu.de\/tr\/wp-json\/wp\/v2\/media\/990196"}],"wp:attachment":[{"href":"https:\/\/bor-alu.de\/tr\/wp-json\/wp\/v2\/media?parent=991835"}],"wp:term":[{"taxonomy":"product_brand","embeddable":true,"href":"https:\/\/bor-alu.de\/tr\/wp-json\/wp\/v2\/product_brand?post=991835"},{"taxonomy":"product_cat","embeddable":true,"href":"https:\/\/bor-alu.de\/tr\/wp-json\/wp\/v2\/product_cat?post=991835"},{"taxonomy":"product_tag","embeddable":true,"href":"https:\/\/bor-alu.de\/tr\/wp-json\/wp\/v2\/product_tag?post=991835"}],"curies":[{"name":"wp","href":"https:\/\/api.w.org\/{rel}","templated":true}]}}