{"id":991836,"date":"2022-11-14T14:18:23","date_gmt":"2022-11-14T14:18:23","guid":{"rendered":"https:\/\/bor-alu.de\/product\/beleuchtungsprofile\/"},"modified":"2024-12-29T13:50:31","modified_gmt":"2024-12-29T13:50:31","slug":"aydinlatma-profilleri","status":"publish","type":"product","link":"https:\/\/bor-alu.de\/tr\/product\/aydinlatma-profilleri\/","title":{"rendered":"Ayd\u0131nlatma Profilleri"},"content":{"rendered":"<div><\/div>\n<div>LED \u015ferit ayd\u0131nlatma al\u00fcminyum profili, i\u00e7 mimarlar i\u00e7in harika bir \u00e7\u00f6z\u00fcm sunar. Bu <a href=\"https:\/\/bor-alu.de\/tr\/product-category\/aluminyum-profiller\/\">al\u00fcminyum profil<\/a> \u0131\u015f\u0131k kutusu, LED \u015feritlerin \u0131s\u0131 y\u00f6netiminde de olduk\u00e7a ba\u015far\u0131l\u0131d\u0131r. BOR Al\u00fcminyum \u015eirketi olarak, \u015ferit \u0131\u015f\u0131klar i\u00e7in en y\u00fcksek kaliteli al\u00fcminyum profilleri sunuyoruz.<\/div>\n","protected":false},"excerpt":{"rendered":"<p><strong>Ayd\u0131nlatma \u0130\u00e7in Al\u00fcminyum Profiller<\/strong><\/p>\n<div>Al\u00fcminyum profillerin bir di\u011fer \u00f6nemli kullan\u0131m alan\u0131 ayd\u0131nlatmad\u0131r. Modern ve ideal LED ayd\u0131nlatma i\u00e7in al\u00fcminyum kanallar m\u00fckemmel bir se\u00e7enektir. LED \u0131\u015f\u0131klar\u0131, al\u00fcminyum kanallara do\u011frusal bir \u015fekilde yerle\u015ftirmek m\u00fcmk\u00fcnd\u00fcr. LED \u0131\u015f\u0131klar i\u00e7in al\u00fcminyum profillerin dayan\u0131kl\u0131, hafif ve estetik olmas\u0131, onlar\u0131 LED \u015feritlerin bar\u0131nd\u0131r\u0131lmas\u0131 i\u00e7in harika bir se\u00e7enek haline getirir. Ayr\u0131ca, daha iyi bir kullan\u0131m i\u00e7in farkl\u0131 renklerde profiller ve LED&#8217;ler kullanmak da m\u00fcmk\u00fcnd\u00fcr.<\/div>\n","protected":false},"featured_media":990176,"comment_status":"closed","ping_status":"closed","template":"","meta":[],"product_brand":[],"product_cat":[550],"product_tag":[],"class_list":{"0":"post-991836","1":"product","2":"type-product","3":"status-publish","4":"has-post-thumbnail","6":"product_cat-aluminyum-profiller","8":"first","9":"instock","10":"shipping-taxable","11":"product-type-simple","12":"prodpage-style2"},"_links":{"self":[{"href":"https:\/\/bor-alu.de\/tr\/wp-json\/wp\/v2\/product\/991836","targetHints":{"allow":["GET"]}}],"collection":[{"href":"https:\/\/bor-alu.de\/tr\/wp-json\/wp\/v2\/product"}],"about":[{"href":"https:\/\/bor-alu.de\/tr\/wp-json\/wp\/v2\/types\/product"}],"replies":[{"embeddable":true,"href":"https:\/\/bor-alu.de\/tr\/wp-json\/wp\/v2\/comments?post=991836"}],"wp:featuredmedia":[{"embeddable":true,"href":"https:\/\/bor-alu.de\/tr\/wp-json\/wp\/v2\/media\/990176"}],"wp:attachment":[{"href":"https:\/\/bor-alu.de\/tr\/wp-json\/wp\/v2\/media?parent=991836"}],"wp:term":[{"taxonomy":"product_brand","embeddable":true,"href":"https:\/\/bor-alu.de\/tr\/wp-json\/wp\/v2\/product_brand?post=991836"},{"taxonomy":"product_cat","embeddable":true,"href":"https:\/\/bor-alu.de\/tr\/wp-json\/wp\/v2\/product_cat?post=991836"},{"taxonomy":"product_tag","embeddable":true,"href":"https:\/\/bor-alu.de\/tr\/wp-json\/wp\/v2\/product_tag?post=991836"}],"curies":[{"name":"wp","href":"https:\/\/api.w.org\/{rel}","templated":true}]}}