{"id":991837,"date":"2022-11-14T14:18:22","date_gmt":"2022-11-14T14:18:22","guid":{"rendered":"https:\/\/bor-alu.de\/product\/werbe-rahmen-profil\/"},"modified":"2024-12-29T05:12:13","modified_gmt":"2024-12-29T05:12:13","slug":"reklam-cerceve-profili","status":"publish","type":"product","link":"https:\/\/bor-alu.de\/tr\/product\/reklam-cerceve-profili\/","title":{"rendered":"Reklam \u00c7er\u00e7eve Profili"},"content":{"rendered":"","protected":false},"excerpt":{"rendered":"<p><strong>Al\u00fcminyum Reklam \u00c7er\u00e7eve Profili<\/strong><\/p>\n<div>Yeni teknolojilerle birlikte reklam yapmak daha kolay hale geldi. En pop\u00fcler ve etkili reklam panolar\u0131n\u0131n dijital olanlar oldu\u011funu kabul etmeliyiz. Ancak, bunlar kurulum, i\u015fletim ve bak\u0131m a\u00e7\u0131s\u0131ndan olduk\u00e7a pahal\u0131d\u0131r. Bu nedenle, ikinci en etkili ancak maliyet a\u00e7\u0131s\u0131ndan uygun olan se\u00e7enek al\u00fcminyum reklam profilleridir.<\/div>\n","protected":false},"featured_media":991320,"comment_status":"closed","ping_status":"closed","template":"","meta":[],"product_brand":[],"product_cat":[550],"product_tag":[],"class_list":{"0":"post-991837","1":"product","2":"type-product","3":"status-publish","4":"has-post-thumbnail","6":"product_cat-aluminyum-profiller","8":"first","9":"instock","10":"shipping-taxable","11":"product-type-simple","12":"prodpage-style2"},"_links":{"self":[{"href":"https:\/\/bor-alu.de\/tr\/wp-json\/wp\/v2\/product\/991837","targetHints":{"allow":["GET"]}}],"collection":[{"href":"https:\/\/bor-alu.de\/tr\/wp-json\/wp\/v2\/product"}],"about":[{"href":"https:\/\/bor-alu.de\/tr\/wp-json\/wp\/v2\/types\/product"}],"replies":[{"embeddable":true,"href":"https:\/\/bor-alu.de\/tr\/wp-json\/wp\/v2\/comments?post=991837"}],"wp:featuredmedia":[{"embeddable":true,"href":"https:\/\/bor-alu.de\/tr\/wp-json\/wp\/v2\/media\/991320"}],"wp:attachment":[{"href":"https:\/\/bor-alu.de\/tr\/wp-json\/wp\/v2\/media?parent=991837"}],"wp:term":[{"taxonomy":"product_brand","embeddable":true,"href":"https:\/\/bor-alu.de\/tr\/wp-json\/wp\/v2\/product_brand?post=991837"},{"taxonomy":"product_cat","embeddable":true,"href":"https:\/\/bor-alu.de\/tr\/wp-json\/wp\/v2\/product_cat?post=991837"},{"taxonomy":"product_tag","embeddable":true,"href":"https:\/\/bor-alu.de\/tr\/wp-json\/wp\/v2\/product_tag?post=991837"}],"curies":[{"name":"wp","href":"https:\/\/api.w.org\/{rel}","templated":true}]}}