{"id":991838,"date":"2022-11-14T14:18:15","date_gmt":"2022-11-14T14:18:15","guid":{"rendered":"https:\/\/bor-alu.de\/product\/heizprofil\/"},"modified":"2024-12-29T04:24:42","modified_gmt":"2024-12-29T04:24:42","slug":"isitma-profili","status":"publish","type":"product","link":"https:\/\/bor-alu.de\/tr\/product\/isitma-profili\/","title":{"rendered":"Is\u0131tma Profili"},"content":{"rendered":"<div>\u00d6te yandan, al\u00fcminyum so\u011futucu profili \u0131s\u0131y\u0131 uzakla\u015ft\u0131rma konusunda olduk\u00e7a ba\u015far\u0131l\u0131d\u0131r. Al\u00fcminyum so\u011futucu profillerinden bildi\u011fimiz \u00fczere, al\u00fcminyum \u00e7ok dayan\u0131kl\u0131d\u0131r, bu da onu y\u00fcksek s\u0131cakl\u0131klarda kullan\u0131m i\u00e7in m\u00fckemmel bir malzeme yapar.<\/div>\n<div><\/div>\n<div>Dolay\u0131s\u0131yla, al\u00fcminyum profillerin \u0131s\u0131tma ve so\u011futma i\u00e7in olduk\u00e7a ba\u015far\u0131l\u0131 oldu\u011funu anlayabiliriz.<\/div>\n","protected":false},"excerpt":{"rendered":"<p><strong>Al\u00fcminyum Is\u0131tma Profilleri<\/strong><\/p>\n<div>Al\u00fcminyumun en iyi \u00f6zelliklerinden biri, \u0131s\u0131 iletkenli\u011fidir. Al\u00fcminyum, m\u00fckemmel bir \u0131s\u0131 iletkeni olup, onu \u00e7at\u0131 \u0131s\u0131t\u0131c\u0131lar\u0131, deniz \u0131s\u0131t\u0131c\u0131lar\u0131 veya ticari uygulamalar ve trenler i\u00e7in radyat\u00f6rler gibi kullan\u0131m alanlar\u0131 i\u00e7in harika bir malzeme yapar. Al\u00fcminyum \u0131s\u0131tma profilleri ile harika sonu\u00e7lar elde edebilirsiniz, \u00e7\u00fcnk\u00fc h\u0131zl\u0131 ve e\u015fit bir \u0131s\u0131 iletimi sa\u011flar. Bu nedenle, al\u00fcminyum ekstr\u00fczyon \u0131s\u0131tma profilleri ile sessiz ve en verimli sonu\u00e7lar\u0131 elde etmek m\u00fckemmel bir se\u00e7enektir.<\/div>\n","protected":false},"featured_media":990170,"comment_status":"closed","ping_status":"closed","template":"","meta":[],"product_brand":[],"product_cat":[550],"product_tag":[],"class_list":{"0":"post-991838","1":"product","2":"type-product","3":"status-publish","4":"has-post-thumbnail","6":"product_cat-aluminyum-profiller","8":"first","9":"instock","10":"shipping-taxable","11":"product-type-simple","12":"prodpage-style2"},"_links":{"self":[{"href":"https:\/\/bor-alu.de\/tr\/wp-json\/wp\/v2\/product\/991838","targetHints":{"allow":["GET"]}}],"collection":[{"href":"https:\/\/bor-alu.de\/tr\/wp-json\/wp\/v2\/product"}],"about":[{"href":"https:\/\/bor-alu.de\/tr\/wp-json\/wp\/v2\/types\/product"}],"replies":[{"embeddable":true,"href":"https:\/\/bor-alu.de\/tr\/wp-json\/wp\/v2\/comments?post=991838"}],"wp:featuredmedia":[{"embeddable":true,"href":"https:\/\/bor-alu.de\/tr\/wp-json\/wp\/v2\/media\/990170"}],"wp:attachment":[{"href":"https:\/\/bor-alu.de\/tr\/wp-json\/wp\/v2\/media?parent=991838"}],"wp:term":[{"taxonomy":"product_brand","embeddable":true,"href":"https:\/\/bor-alu.de\/tr\/wp-json\/wp\/v2\/product_brand?post=991838"},{"taxonomy":"product_cat","embeddable":true,"href":"https:\/\/bor-alu.de\/tr\/wp-json\/wp\/v2\/product_cat?post=991838"},{"taxonomy":"product_tag","embeddable":true,"href":"https:\/\/bor-alu.de\/tr\/wp-json\/wp\/v2\/product_tag?post=991838"}],"curies":[{"name":"wp","href":"https:\/\/api.w.org\/{rel}","templated":true}]}}