{"id":991839,"date":"2022-11-14T14:18:15","date_gmt":"2022-11-14T14:18:15","guid":{"rendered":"https:\/\/bor-alu.de\/product\/markisenprofile\/"},"modified":"2024-12-29T04:15:30","modified_gmt":"2024-12-29T04:15:30","slug":"tente-profilleri","status":"publish","type":"product","link":"https:\/\/bor-alu.de\/tr\/product\/tente-profilleri\/","title":{"rendered":"Tente Profilleri"},"content":{"rendered":"<div><strong>\u00d6zel Tente Al\u00fcminyum Profilleri<\/strong><\/div>\n<div><\/div>\n<div>Al\u00fcminyum profil tenteleri nas\u0131l \u00fcretiyoruz? Asl\u0131nda al\u00fcminyum, bu yap\u0131 eleman\u0131n\u0131n \u00e7er\u00e7evesi i\u00e7in temel olarak kullan\u0131l\u0131r. Tentelerin ger\u00e7ek y\u00fck\u00fc \u00e7er\u00e7eve \u00fczerinde ta\u015f\u0131n\u0131r. Al\u00fcminyum dayan\u0131kl\u0131 ve g\u00fc\u00e7l\u00fc bir malzeme oldu\u011fundan, al\u00fcminyum tente \u00e7er\u00e7evesi tentelerin ana yap\u0131s\u0131 i\u00e7in harika bir \u00e7\u00f6z\u00fcmd\u00fcr.<\/div>\n<div><\/div>\n<div><strong>Al\u00fcminyum Tentelerin Kullan\u0131labilece\u011fi Yerler<\/strong><\/div>\n<div><\/div>\n<div>Asl\u0131nda, \u00f6rt\u00fc ihtiyac\u0131 olan her yerde in\u015fa edilip kullan\u0131labilirler. Al\u00fcminyum pencere tenteleri, al\u00fcminyum kap\u0131 tenteleri, al\u00fcminyum veranda tenteleri veya al\u00fcminyum teras tenteleri en bilinen t\u00fcrlerdir. Yap\u0131ya pleksi cam veya fiber entegre edildi\u011finde, tente bir sundurma gibi, \u015feffaf bir \u00f6rt\u00fc malzemesine d\u00f6n\u00fc\u015f\u00fcr.<\/div>\n<div><\/div>\n<div><strong>Al\u00fcminyum Tentelerin Avantajlar\u0131<\/strong><\/div>\n<div><\/div>\n<div>Al\u00fcminyum metalurji teknolojisindeki geli\u015fmelerle birlikte, al\u00fcminyum tenteler d\u00fcnya genelinde konutlarda olduk\u00e7a pop\u00fcler hale gelmi\u015ftir. Al\u00fcminyum tentelerin evler i\u00e7in en \u00f6nemli avantaj\u0131, g\u00fc\u00e7l\u00fc yap\u0131s\u0131 ve dayan\u0131kl\u0131l\u0131\u011f\u0131d\u0131r. Bunlar\u0131 ciddi bir sorun olmadan 40 y\u0131ldan fazla kullanmak m\u00fcmk\u00fcnd\u00fcr. Ayr\u0131ca, bu koruma alt\u0131ndaki mobilyalar i\u00e7in de avantajl\u0131d\u0131r. Hava ko\u015fullar\u0131ndan koruma sayesinde mobilyalar\u0131n \u00f6mr\u00fc de uzar.<\/div>\n<div><\/div>\n<div>Baz\u0131 al\u00fcminyum tenteler, katlanabilir ve yerine sabitlenebilir \u015fekilde tasarlanm\u0131\u015ft\u0131r. Bu, pencerelerinizi kas\u0131rgalara veya b\u00fcy\u00fck f\u0131rt\u0131nalara kar\u015f\u0131 korumak i\u00e7in olduk\u00e7a verimli bir yoldur. \u00d6te yandan, mobil evler i\u00e7in al\u00fcminyum tenteler ba\u015fka bir pop\u00fcler ve etkili kullan\u0131m \u015feklidir. Al\u00fcminyum hafif bir element oldu\u011fu i\u00e7in, karavan\u0131n\u0131z veya mobil eviniz \u00fczerinde y\u00fcksek bir y\u00fck verimlili\u011fi sa\u011flar.<\/div>\n<div><\/div>\n<div>Sonu\u00e7 olarak, al\u00fcminyum tenteler i\u00e7in \u00e7e\u015fitli renk t\u00fcrlerini se\u00e7mek m\u00fcmk\u00fcnd\u00fcr. Al\u00fcminyum tenteleri boyayabilir veya farkl\u0131 renk se\u00e7enekleri i\u00e7in eloksall\u0131 al\u00fcminyum kullanabilirsiniz.<\/div>\n<div><\/div>\n<div>Bor Al\u00fcminyum olarak, en iyi al\u00fcminyum tente profil t\u00fcrlerini sunuyoruz.<\/div>\n","protected":false},"excerpt":{"rendered":"<p><strong>Al\u00fcminyum Tente Profilleri<\/strong><\/p>\n<div>Tenteler, ayn\u0131 zamanda sundurmalar olarak da bilinir, binan\u0131n ana yap\u0131s\u0131ndan d\u0131\u015far\u0131ya do\u011fru uzanan ikincil kaplamalard\u0131r. Tentelerin ana amac\u0131, g\u00fcne\u015f \u0131\u015f\u0131\u011f\u0131, ya\u011fmur, kar veya g\u00fc\u00e7l\u00fc r\u00fczgar gibi di\u011fer hava ko\u015fullar\u0131ndan koruma sa\u011flamakt\u0131r. Asl\u0131nda, tentelerin tarihi antik M\u0131s\u0131r ve Suriye yerle\u015fimlerine kadar uzanmaktad\u0131r.<\/div>\n<div><\/div>\n<div>Tenteler, \u00e7elik, demir, pamuk, polyester ve daha bir\u00e7ok farkl\u0131 malzemeden \u00fcretilebilir. Ancak tenteler i\u00e7in en uygun malzeme al\u00fcminyumdur. Al\u00fcminyum tenteler, al\u00fcminyumun \u00f6zel \u00f6zellikleri nedeniyle olduk\u00e7a yayg\u0131n olarak kullan\u0131lmaktad\u0131r.<\/div>\n","protected":false},"featured_media":990168,"comment_status":"closed","ping_status":"closed","template":"","meta":[],"product_brand":[],"product_cat":[550],"product_tag":[],"class_list":{"0":"post-991839","1":"product","2":"type-product","3":"status-publish","4":"has-post-thumbnail","6":"product_cat-aluminyum-profiller","8":"first","9":"instock","10":"shipping-taxable","11":"product-type-simple","12":"prodpage-style2"},"_links":{"self":[{"href":"https:\/\/bor-alu.de\/tr\/wp-json\/wp\/v2\/product\/991839","targetHints":{"allow":["GET"]}}],"collection":[{"href":"https:\/\/bor-alu.de\/tr\/wp-json\/wp\/v2\/product"}],"about":[{"href":"https:\/\/bor-alu.de\/tr\/wp-json\/wp\/v2\/types\/product"}],"replies":[{"embeddable":true,"href":"https:\/\/bor-alu.de\/tr\/wp-json\/wp\/v2\/comments?post=991839"}],"wp:featuredmedia":[{"embeddable":true,"href":"https:\/\/bor-alu.de\/tr\/wp-json\/wp\/v2\/media\/990168"}],"wp:attachment":[{"href":"https:\/\/bor-alu.de\/tr\/wp-json\/wp\/v2\/media?parent=991839"}],"wp:term":[{"taxonomy":"product_brand","embeddable":true,"href":"https:\/\/bor-alu.de\/tr\/wp-json\/wp\/v2\/product_brand?post=991839"},{"taxonomy":"product_cat","embeddable":true,"href":"https:\/\/bor-alu.de\/tr\/wp-json\/wp\/v2\/product_cat?post=991839"},{"taxonomy":"product_tag","embeddable":true,"href":"https:\/\/bor-alu.de\/tr\/wp-json\/wp\/v2\/product_tag?post=991839"}],"curies":[{"name":"wp","href":"https:\/\/api.w.org\/{rel}","templated":true}]}}