{"id":991840,"date":"2022-11-14T14:18:15","date_gmt":"2022-11-14T14:18:15","guid":{"rendered":"https:\/\/bor-alu.de\/product\/estrichplattenprofile\/"},"modified":"2024-12-29T04:26:02","modified_gmt":"2024-12-29T04:26:02","slug":"sap-levha-profilleri","status":"publish","type":"product","link":"https:\/\/bor-alu.de\/tr\/product\/sap-levha-profilleri\/","title":{"rendered":"\u015eap Levha Profilleri"},"content":{"rendered":"<div>Al\u00fcminyum \u015fap levhas\u0131, s\u0131va, al\u00e7\u0131 veya en yayg\u0131n olarak beton gibi in\u015faat malzemelerinin y\u00fczeyini d\u00fczeltmek veya p\u00fcr\u00fczs\u00fcz hale getirmek i\u00e7in kullan\u0131l\u0131r. Ayr\u0131ca asfalt\u0131 da\u011f\u0131tmak ve d\u00fczeltmek i\u00e7in \u00f6zel bir \u015fap t\u00fcr\u00fc de bulunmaktad\u0131r.<\/div>\n<div><\/div>\n<div>Beton veya asfalt\u0131n sonland\u0131r\u0131lmas\u0131, i\u015fin kritik bir par\u00e7as\u0131d\u0131r ve hassas bir yakla\u015f\u0131m gerektirir. Al\u00fcminyum, dayan\u0131kl\u0131l\u0131k, esneklik ve hafiflik gibi m\u00fckemmel \u00f6zelliklere sahip bir \u00fcr\u00fcn oldu\u011fundan, in\u015faat malzemelerinin nihai durumunu belirlemede olduk\u00e7a ba\u015far\u0131l\u0131d\u0131r.<\/div>\n","protected":false},"excerpt":{"rendered":"<p><strong>Al\u00fcminyum \u015eap Levha Profilleri<\/strong><\/p>\n<div>\u015eap levhas\u0131, d\u00fcz levha veya y\u00fczer \u015fap olarak da bilinen, in\u015faatta sonland\u0131rma i\u00e7in kullan\u0131lan \u00f6zel ve yap\u0131sal bir ara\u00e7t\u0131r. Genellikle al\u00fcminyumdan yap\u0131l\u0131r ve al\u00fcminyum \u015fap levhalar\u0131 olarak bilinir. Asl\u0131nda bu, klasik bir al\u00fcminyum profil olup, \u015fekli sonland\u0131rma i\u015flemi i\u00e7in \u00f6zel olarak tasarlanm\u0131\u015ft\u0131r.<\/div>\n","protected":false},"featured_media":990166,"comment_status":"closed","ping_status":"closed","template":"","meta":[],"product_brand":[],"product_cat":[550],"product_tag":[],"class_list":{"0":"post-991840","1":"product","2":"type-product","3":"status-publish","4":"has-post-thumbnail","6":"product_cat-aluminyum-profiller","8":"first","9":"instock","10":"shipping-taxable","11":"product-type-simple","12":"prodpage-style2"},"_links":{"self":[{"href":"https:\/\/bor-alu.de\/tr\/wp-json\/wp\/v2\/product\/991840","targetHints":{"allow":["GET"]}}],"collection":[{"href":"https:\/\/bor-alu.de\/tr\/wp-json\/wp\/v2\/product"}],"about":[{"href":"https:\/\/bor-alu.de\/tr\/wp-json\/wp\/v2\/types\/product"}],"replies":[{"embeddable":true,"href":"https:\/\/bor-alu.de\/tr\/wp-json\/wp\/v2\/comments?post=991840"}],"wp:featuredmedia":[{"embeddable":true,"href":"https:\/\/bor-alu.de\/tr\/wp-json\/wp\/v2\/media\/990166"}],"wp:attachment":[{"href":"https:\/\/bor-alu.de\/tr\/wp-json\/wp\/v2\/media?parent=991840"}],"wp:term":[{"taxonomy":"product_brand","embeddable":true,"href":"https:\/\/bor-alu.de\/tr\/wp-json\/wp\/v2\/product_brand?post=991840"},{"taxonomy":"product_cat","embeddable":true,"href":"https:\/\/bor-alu.de\/tr\/wp-json\/wp\/v2\/product_cat?post=991840"},{"taxonomy":"product_tag","embeddable":true,"href":"https:\/\/bor-alu.de\/tr\/wp-json\/wp\/v2\/product_tag?post=991840"}],"curies":[{"name":"wp","href":"https:\/\/api.w.org\/{rel}","templated":true}]}}