{"id":991841,"date":"2022-11-14T14:18:15","date_gmt":"2022-11-14T14:18:15","guid":{"rendered":"https:\/\/bor-alu.de\/product\/leiterprofil\/"},"modified":"2024-12-29T04:34:40","modified_gmt":"2024-12-29T04:34:40","slug":"merdiven-profili","status":"publish","type":"product","link":"https:\/\/bor-alu.de\/tr\/product\/merdiven-profili\/","title":{"rendered":"Merdiven Profili"},"content":{"rendered":"<div><\/div>\n<div>Al\u00fcminyum profil, merdivenler i\u00e7in m\u00fckemmel bir malzemedir. Basamaklar, g\u00fcvenli\u011fi sa\u011flamak i\u00e7in olduk\u00e7a kaymaz bir y\u00fczey sunan p\u00fcr\u00fczl\u00fc bir yap\u0131ya sahiptir. \u00dczerine g\u00fcvenle \u00e7\u0131kabilir ve durabilirsiniz. Ayr\u0131ca, t\u00fcm al\u00fcminyum merdivenler ayarlanabilir y\u00fcksekliklere sahiptir. Bunlar\u0131 kolayca ayarlayabilir ve her t\u00fcrl\u00fc i\u015f i\u00e7in kullanabilirsiniz.<\/div>\n<div><\/div>\n<div>Son olarak, al\u00fcminyum \u00e7ok ama\u00e7l\u0131 merdivenler temizlemesi olduk\u00e7a kolayd\u0131r. Boya i\u015fleri i\u00e7in kullanabilir ve i\u015f bittikten sonra sorunsuz bir \u015fekilde temizleyebilirsiniz. Bu nedenle, al\u00fcminyum merdivenlerin \u00e7ok pratik, g\u00fcvenli, modern ve kullan\u0131m\u0131 kolay oldu\u011funu anlayabiliriz.<\/div>\n","protected":false},"excerpt":{"rendered":"<div>\n<strong>Al\u00fcminyum Merdiven Profili<\/strong>\n<\/div>\n<div>Al\u00fcminyum, merdiven \u00fcretimi i\u00e7in m\u00fckemmel bir metaldir. \u00c7\u00fcnk\u00fc al\u00fcminyum, \u00e7ok hafif ve dayan\u0131kl\u0131 bir metaldir. Bu nedenle, al\u00fcminyum profil merdivenleri kolayca ve g\u00fcvenle ta\u015f\u0131yabilir ve kullanabilirsiniz. Al\u00fcminyum teleskopik merdivenlerin bir di\u011fer \u00f6nemli \u00f6zelli\u011fi ta\u015f\u0131nabilirliktir. Al\u00fcminyum, y\u00fcksek ta\u015f\u0131ma kapasitesine sahip harika bir metal oldu\u011fundan, m\u00fckemmel bir tasar\u0131mla katlanabilir. Bu sayede, daha uzun merdivenleri daha k\u0131sa alanlarda saklamak m\u00fcmk\u00fcnd\u00fcr.<\/div>\n","protected":false},"featured_media":990164,"comment_status":"closed","ping_status":"closed","template":"","meta":[],"product_brand":[],"product_cat":[550],"product_tag":[],"class_list":{"0":"post-991841","1":"product","2":"type-product","3":"status-publish","4":"has-post-thumbnail","6":"product_cat-aluminyum-profiller","8":"first","9":"instock","10":"shipping-taxable","11":"product-type-simple","12":"prodpage-style2"},"_links":{"self":[{"href":"https:\/\/bor-alu.de\/tr\/wp-json\/wp\/v2\/product\/991841","targetHints":{"allow":["GET"]}}],"collection":[{"href":"https:\/\/bor-alu.de\/tr\/wp-json\/wp\/v2\/product"}],"about":[{"href":"https:\/\/bor-alu.de\/tr\/wp-json\/wp\/v2\/types\/product"}],"replies":[{"embeddable":true,"href":"https:\/\/bor-alu.de\/tr\/wp-json\/wp\/v2\/comments?post=991841"}],"wp:featuredmedia":[{"embeddable":true,"href":"https:\/\/bor-alu.de\/tr\/wp-json\/wp\/v2\/media\/990164"}],"wp:attachment":[{"href":"https:\/\/bor-alu.de\/tr\/wp-json\/wp\/v2\/media?parent=991841"}],"wp:term":[{"taxonomy":"product_brand","embeddable":true,"href":"https:\/\/bor-alu.de\/tr\/wp-json\/wp\/v2\/product_brand?post=991841"},{"taxonomy":"product_cat","embeddable":true,"href":"https:\/\/bor-alu.de\/tr\/wp-json\/wp\/v2\/product_cat?post=991841"},{"taxonomy":"product_tag","embeddable":true,"href":"https:\/\/bor-alu.de\/tr\/wp-json\/wp\/v2\/product_tag?post=991841"}],"curies":[{"name":"wp","href":"https:\/\/api.w.org\/{rel}","templated":true}]}}