{"id":991842,"date":"2022-11-14T14:18:15","date_gmt":"2022-11-14T14:18:15","guid":{"rendered":"https:\/\/bor-alu.de\/product\/vorhangschienenprofil\/"},"modified":"2024-12-29T05:08:54","modified_gmt":"2024-12-29T05:08:54","slug":"perde-rayi-profili","status":"publish","type":"product","link":"https:\/\/bor-alu.de\/tr\/product\/perde-rayi-profili\/","title":{"rendered":"Perde Ray\u0131 Profili"},"content":{"rendered":"<div>Al\u00fcminyum perde raylar\u0131n\u0131n en b\u00fcy\u00fck avantaj\u0131, paslanmaz ve \u00e7izilmez olmalar\u0131d\u0131r. Ayr\u0131ca, istenilen renkle harika bir g\u00f6r\u00fcn\u00fcm elde etmek m\u00fcmk\u00fcnd\u00fcr. Ekstr\u00fczyon al\u00fcminyum perde ray\u0131n\u0131zda tekli veya \u00e7oklu raylar bulunabilir. Al\u00fcminyum perde ray\u0131 sistemleri genellikle ya\u015fam alanlar\u0131nda tercih edilir. Ancak ofis uygulamalar\u0131 veya \u00f6zel kabin perdeleri i\u00e7in de pop\u00fclerdir. B\u00f6ylece, al\u00fcminyum perde ray\u0131 profilleri ile dayan\u0131kl\u0131, g\u00fc\u00e7l\u00fc ve estetik bir ray sistemine sahip olabilirsiniz.<\/div>\n","protected":false},"excerpt":{"rendered":"<p><strong>Al\u00fcminyum Perde Ray\u0131 Profili<\/strong><\/p>\n<div>Al\u00fcminyum, perde raylar\u0131 olarak kullan\u0131m i\u00e7in m\u00fckemmel bir metaldir. Ekstr\u00fczyon al\u00fcminyum, dayan\u0131kl\u0131l\u0131k ve estetik aras\u0131nda m\u00fckemmel bir denge sunar. Ayn\u0131 zamanda mekan\u0131n\u0131za b\u00fcy\u00fck bir de\u011fer katar. Al\u00fcminyum tavan perde ray\u0131, do\u011frudan tavana monte edilebilen eloksall\u0131 veya toz boyal\u0131 bir al\u00fcminyum perde ray\u0131d\u0131r. Montaj i\u00e7in standart vidalar, \u00e7iviler veya yap\u0131\u015ft\u0131r\u0131c\u0131lar kullan\u0131labilir.<\/div>\n","protected":false},"featured_media":990162,"comment_status":"closed","ping_status":"closed","template":"","meta":[],"product_brand":[],"product_cat":[550],"product_tag":[],"class_list":{"0":"post-991842","1":"product","2":"type-product","3":"status-publish","4":"has-post-thumbnail","6":"product_cat-aluminyum-profiller","8":"first","9":"instock","10":"shipping-taxable","11":"product-type-simple","12":"prodpage-style2"},"_links":{"self":[{"href":"https:\/\/bor-alu.de\/tr\/wp-json\/wp\/v2\/product\/991842","targetHints":{"allow":["GET"]}}],"collection":[{"href":"https:\/\/bor-alu.de\/tr\/wp-json\/wp\/v2\/product"}],"about":[{"href":"https:\/\/bor-alu.de\/tr\/wp-json\/wp\/v2\/types\/product"}],"replies":[{"embeddable":true,"href":"https:\/\/bor-alu.de\/tr\/wp-json\/wp\/v2\/comments?post=991842"}],"wp:featuredmedia":[{"embeddable":true,"href":"https:\/\/bor-alu.de\/tr\/wp-json\/wp\/v2\/media\/990162"}],"wp:attachment":[{"href":"https:\/\/bor-alu.de\/tr\/wp-json\/wp\/v2\/media?parent=991842"}],"wp:term":[{"taxonomy":"product_brand","embeddable":true,"href":"https:\/\/bor-alu.de\/tr\/wp-json\/wp\/v2\/product_brand?post=991842"},{"taxonomy":"product_cat","embeddable":true,"href":"https:\/\/bor-alu.de\/tr\/wp-json\/wp\/v2\/product_cat?post=991842"},{"taxonomy":"product_tag","embeddable":true,"href":"https:\/\/bor-alu.de\/tr\/wp-json\/wp\/v2\/product_tag?post=991842"}],"curies":[{"name":"wp","href":"https:\/\/api.w.org\/{rel}","templated":true}]}}