{"id":991843,"date":"2022-11-14T14:18:15","date_gmt":"2022-11-14T14:18:15","guid":{"rendered":"https:\/\/bor-alu.de\/product\/sonnenschutzprofile\/"},"modified":"2024-12-29T05:05:13","modified_gmt":"2024-12-29T05:05:13","slug":"gunes-koruma-profilleri","status":"publish","type":"product","link":"https:\/\/bor-alu.de\/tr\/product\/gunes-koruma-profilleri\/","title":{"rendered":"G\u00fcne\u015f Koruma Profilleri"},"content":{"rendered":"<div>Al\u00fcminyum pencere g\u00fcne\u015f koruma sistemleri, i\u015flevsellikleri ve d\u00fc\u015f\u00fck bak\u0131m maliyetleri sayesinde binalar\u0131n\u0131za b\u00fcy\u00fck bir de\u011fer katar ve tasarruf sa\u011flar.<\/div>\n<div><\/div>\n<div>D\u0131\u015f mekan al\u00fcminyum g\u00fcne\u015f koruma sistemleri, binalar\u0131n\u0131za gelen fazla g\u00fcne\u015f \u0131\u015f\u0131\u011f\u0131n\u0131 engelleyebilir. Bu sayede bina so\u011futma maliyetlerinizi d\u00fc\u015f\u00fcr\u00fcrs\u00fcn\u00fcz. Al\u00fcminyum, y\u00fcksek dayan\u0131kl\u0131l\u0131k ve iyi tasar\u0131ma sahip m\u00fckemmel bir malzeme oldu\u011fundan, hem verimlilik hem de estetik sunabilirsiniz.<\/div>\n","protected":false},"excerpt":{"rendered":"<p><strong>Al\u00fcminyum G\u00fcne\u015f Koruma Profilleri<\/strong><\/p>\n<div>\u0130n\u015faat teknolojisindeki ilerlemelerle birlikte enerji verimlili\u011fi, estetik ve maliyet etkinli\u011fi \u00f6nemli konular haline gelmi\u015ftir. Yenilik\u00e7i yakla\u015f\u0131mlarla bu gereksinimleri kar\u015f\u0131lamak m\u00fcmk\u00fcnd\u00fcr. Bu hedefe ula\u015fman\u0131n en verimli teknolojilerinden biri, al\u00fcminyum g\u00fcne\u015f koruma profilleridir. Yeni binalar\u0131 modern ve estetik bir g\u00f6r\u00fcn\u00fcmle serin, konforlu ve maliyet etkin bir \u015fekilde tutmak m\u00fcmk\u00fcnd\u00fcr.<\/div>\n","protected":false},"featured_media":990160,"comment_status":"closed","ping_status":"closed","template":"","meta":[],"product_brand":[],"product_cat":[550],"product_tag":[],"class_list":{"0":"post-991843","1":"product","2":"type-product","3":"status-publish","4":"has-post-thumbnail","6":"product_cat-aluminyum-profiller","8":"first","9":"instock","10":"shipping-taxable","11":"product-type-simple","12":"prodpage-style2"},"_links":{"self":[{"href":"https:\/\/bor-alu.de\/tr\/wp-json\/wp\/v2\/product\/991843","targetHints":{"allow":["GET"]}}],"collection":[{"href":"https:\/\/bor-alu.de\/tr\/wp-json\/wp\/v2\/product"}],"about":[{"href":"https:\/\/bor-alu.de\/tr\/wp-json\/wp\/v2\/types\/product"}],"replies":[{"embeddable":true,"href":"https:\/\/bor-alu.de\/tr\/wp-json\/wp\/v2\/comments?post=991843"}],"wp:featuredmedia":[{"embeddable":true,"href":"https:\/\/bor-alu.de\/tr\/wp-json\/wp\/v2\/media\/990160"}],"wp:attachment":[{"href":"https:\/\/bor-alu.de\/tr\/wp-json\/wp\/v2\/media?parent=991843"}],"wp:term":[{"taxonomy":"product_brand","embeddable":true,"href":"https:\/\/bor-alu.de\/tr\/wp-json\/wp\/v2\/product_brand?post=991843"},{"taxonomy":"product_cat","embeddable":true,"href":"https:\/\/bor-alu.de\/tr\/wp-json\/wp\/v2\/product_cat?post=991843"},{"taxonomy":"product_tag","embeddable":true,"href":"https:\/\/bor-alu.de\/tr\/wp-json\/wp\/v2\/product_tag?post=991843"}],"curies":[{"name":"wp","href":"https:\/\/api.w.org\/{rel}","templated":true}]}}