{"id":991844,"date":"2022-11-14T14:18:15","date_gmt":"2022-11-14T14:18:15","guid":{"rendered":"https:\/\/bor-alu.de\/product\/rollladenprofile\/"},"modified":"2024-12-29T05:02:53","modified_gmt":"2024-12-29T05:02:53","slug":"panjur-profilleri","status":"publish","type":"product","link":"https:\/\/bor-alu.de\/tr\/product\/panjur-profilleri\/","title":{"rendered":"Panjur Profilleri"},"content":{"rendered":"<div>Al\u00fcminyum, olduk\u00e7a dayan\u0131kl\u0131 ve g\u00fc\u00e7l\u00fc bir malzeme oldu\u011fundan, panjur olarak kullan\u0131m i\u00e7in ideal bir malzemedir. Bu nedenle, bir\u00e7ok insan ofisleri veya evleri i\u00e7in al\u00fcminyum panjur profillerini tercih etmektedir. Ayn\u0131 zamanda b\u00fcy\u00fck end\u00fcstriyel tesisler i\u00e7in de ideal bir malzemedir.<\/div>\n<div><\/div>\n<div>\u00d6te yandan, estetik, panjurlar i\u00e7in \u00f6nemli bir endi\u015fe kayna\u011f\u0131d\u0131r \u00e7\u00fcnk\u00fc binalar\u0131n en g\u00f6r\u00fcn\u00fcr yerlerinde bulunurlar. Eloksall\u0131 veya toz boyal\u0131 al\u00fcminyum profiller, g\u00fczel renkleriyle estetik bir g\u00f6r\u00fcn\u00fcm yarat\u0131r. Bu nedenle, al\u00fcminyum panjur profilleri d\u00fcnya genelinde olduk\u00e7a yayg\u0131nd\u0131r.<\/div>\n","protected":false},"excerpt":{"rendered":"<p><strong>Al\u00fcminyum Panjur Profilleri<\/strong><\/p>\n<div>Al\u00fcminyum profil panjurlar, binalar\u0131n d\u0131\u015f pencereleri ve kap\u0131lar\u0131ndaki panjurlar i\u00e7in kullan\u0131lan m\u00fckemmel bir malzemedir. Bu panjurlar\u0131n amac\u0131, i\u00e7 mekan\u0131 d\u0131\u015f etkenlerden korumakt\u0131r. \u00d6zellikle y\u0131l boyunca yo\u011fun g\u00fcne\u015f \u0131\u015f\u0131\u011f\u0131na maruz kalan b\u00f6lgeler, panjur kullan\u0131m\u0131 i\u00e7in idealdir. \u00d6te yandan, panjurlar so\u011fuk iklimlerde de olduk\u00e7a ba\u015far\u0131l\u0131d\u0131r. Hem \u0131s\u0131 yal\u0131t\u0131m\u0131 sa\u011flarlar hem de ya\u011fmur suyuna kar\u015f\u0131 koruma sunarlar.<\/div>\n","protected":false},"featured_media":990158,"comment_status":"closed","ping_status":"closed","template":"","meta":[],"product_brand":[],"product_cat":[550],"product_tag":[],"class_list":{"0":"post-991844","1":"product","2":"type-product","3":"status-publish","4":"has-post-thumbnail","6":"product_cat-aluminyum-profiller","8":"first","9":"instock","10":"shipping-taxable","11":"product-type-simple","12":"prodpage-style2"},"_links":{"self":[{"href":"https:\/\/bor-alu.de\/tr\/wp-json\/wp\/v2\/product\/991844","targetHints":{"allow":["GET"]}}],"collection":[{"href":"https:\/\/bor-alu.de\/tr\/wp-json\/wp\/v2\/product"}],"about":[{"href":"https:\/\/bor-alu.de\/tr\/wp-json\/wp\/v2\/types\/product"}],"replies":[{"embeddable":true,"href":"https:\/\/bor-alu.de\/tr\/wp-json\/wp\/v2\/comments?post=991844"}],"wp:featuredmedia":[{"embeddable":true,"href":"https:\/\/bor-alu.de\/tr\/wp-json\/wp\/v2\/media\/990158"}],"wp:attachment":[{"href":"https:\/\/bor-alu.de\/tr\/wp-json\/wp\/v2\/media?parent=991844"}],"wp:term":[{"taxonomy":"product_brand","embeddable":true,"href":"https:\/\/bor-alu.de\/tr\/wp-json\/wp\/v2\/product_brand?post=991844"},{"taxonomy":"product_cat","embeddable":true,"href":"https:\/\/bor-alu.de\/tr\/wp-json\/wp\/v2\/product_cat?post=991844"},{"taxonomy":"product_tag","embeddable":true,"href":"https:\/\/bor-alu.de\/tr\/wp-json\/wp\/v2\/product_tag?post=991844"}],"curies":[{"name":"wp","href":"https:\/\/api.w.org\/{rel}","templated":true}]}}