{"id":991845,"date":"2022-11-14T14:18:15","date_gmt":"2022-11-14T14:18:15","guid":{"rendered":"https:\/\/bor-alu.de\/product\/bauprofile\/"},"modified":"2024-12-29T05:00:14","modified_gmt":"2024-12-29T05:00:14","slug":"yapi-profilleri","status":"publish","type":"product","link":"https:\/\/bor-alu.de\/tr\/product\/yapi-profilleri\/","title":{"rendered":"Yap\u0131 Profilleri"},"content":{"rendered":"<div>Genellikle 6000 mm olarak \u00fcretilirler, ancak \u00f6zel talepler do\u011frultusunda 7500 mm uzunlu\u011funda \u00fcretim de m\u00fcmk\u00fcnd\u00fcr.<\/div>\n<div>Statik ve dinamik y\u00fcklerin her t\u00fcr\u00fc i\u00e7in al\u00fcminyum ala\u015f\u0131ml\u0131 yap\u0131 profilleri kullanmak avantajl\u0131d\u0131r. T\u00fcm bile\u015fenlerin standart ve birbiriyle uyumlu olmas\u0131 nedeniyle kullan\u0131m\u0131 olduk\u00e7a pratiktir. Al\u00fcminyum yap\u0131 profillerinin temel \u00f6zellikleri \u015funlard\u0131r:<\/div>\n<ul>\n<li>Pratiklik,<\/li>\n<li>Kolay ve h\u0131zl\u0131 montaj,<\/li>\n<li>Dayan\u0131kl\u0131l\u0131k,<\/li>\n<li>Y\u00fcksek kullan\u0131m kolayl\u0131\u011f\u0131,<\/li>\n<li>Tasar\u0131m\u0131 kolayd\u0131r.<\/li>\n<\/ul>\n<div>G\u00fcn\u00fcm\u00fczde yap\u0131 profilleri t\u00fcm end\u00fcstrilerde kullan\u0131lmaktad\u0131r. Masalar, makineler, kaplamalar ve di\u011fer uygulamalar \u00fcretmek m\u00fcmk\u00fcnd\u00fcr. Ayr\u0131ca benzersiz yap\u0131lar\u0131 sayesinde hava, su veya ya\u011f hatlar\u0131 olarak da kullan\u0131labilirler.<\/div>\n<div>\u00d6te yandan, olduk\u00e7a mod\u00fcler yap\u0131lar\u0131 sayesinde ba\u015fka bir yerde yeniden monte edilmeleri ve s\u00f6k\u00fclmeleri olduk\u00e7a kolayd\u0131r.<\/div>\n","protected":false},"excerpt":{"rendered":"<p><strong>Al\u00fcminyum Yap\u0131 Profilleri<\/strong><\/p>\n<p>Al\u00fcminyum yap\u0131 profilleri, yenilik\u00e7i ve iyi tasarlanm\u0131\u015f \u00fcr\u00fcnlerdir ve \u00e7elik konstr\u00fcksiyonlar\u0131n yerini almaya ba\u015flamaktad\u0131r. Yap\u0131 profilleri, birbirine \u00e7ok kolay monte edilebilir, bu da onlar\u0131 olduk\u00e7a pratik bir yap\u0131 eleman\u0131 haline getirir.<\/p>\n<p>Al\u00fcminyum yap\u0131 profilleri, 6063 serisinden \u00fcretilir ve 11 mikron kal\u0131nl\u0131\u011f\u0131nda bir eloksal kaplama ile g\u00fc\u00e7lendirilir. Bu sayede kurulum s\u0131ras\u0131nda ek bir i\u015fleme gerek kalmaz. Ayr\u0131ca bu profillerin boyanmas\u0131na da ihtiya\u00e7 yoktur.<\/p>\n","protected":false},"featured_media":990156,"comment_status":"closed","ping_status":"closed","template":"","meta":[],"product_brand":[],"product_cat":[550],"product_tag":[],"class_list":{"0":"post-991845","1":"product","2":"type-product","3":"status-publish","4":"has-post-thumbnail","6":"product_cat-aluminyum-profiller","8":"first","9":"instock","10":"shipping-taxable","11":"product-type-simple","12":"prodpage-style2"},"_links":{"self":[{"href":"https:\/\/bor-alu.de\/tr\/wp-json\/wp\/v2\/product\/991845","targetHints":{"allow":["GET"]}}],"collection":[{"href":"https:\/\/bor-alu.de\/tr\/wp-json\/wp\/v2\/product"}],"about":[{"href":"https:\/\/bor-alu.de\/tr\/wp-json\/wp\/v2\/types\/product"}],"replies":[{"embeddable":true,"href":"https:\/\/bor-alu.de\/tr\/wp-json\/wp\/v2\/comments?post=991845"}],"wp:featuredmedia":[{"embeddable":true,"href":"https:\/\/bor-alu.de\/tr\/wp-json\/wp\/v2\/media\/990156"}],"wp:attachment":[{"href":"https:\/\/bor-alu.de\/tr\/wp-json\/wp\/v2\/media?parent=991845"}],"wp:term":[{"taxonomy":"product_brand","embeddable":true,"href":"https:\/\/bor-alu.de\/tr\/wp-json\/wp\/v2\/product_brand?post=991845"},{"taxonomy":"product_cat","embeddable":true,"href":"https:\/\/bor-alu.de\/tr\/wp-json\/wp\/v2\/product_cat?post=991845"},{"taxonomy":"product_tag","embeddable":true,"href":"https:\/\/bor-alu.de\/tr\/wp-json\/wp\/v2\/product_tag?post=991845"}],"curies":[{"name":"wp","href":"https:\/\/api.w.org\/{rel}","templated":true}]}}