{"id":991846,"date":"2022-11-14T14:18:15","date_gmt":"2022-11-14T14:18:15","guid":{"rendered":"https:\/\/bor-alu.de\/product\/aluminium-fensterrahmen\/"},"modified":"2024-12-29T13:52:53","modified_gmt":"2024-12-29T13:52:53","slug":"alueminyum-pencere-cerceveleri","status":"publish","type":"product","link":"https:\/\/bor-alu.de\/tr\/product\/alueminyum-pencere-cerceveleri\/","title":{"rendered":"Al\u00fcminyum Pencere \u00c7er\u00e7eveleri"},"content":{"rendered":"<p><a href=\"https:\/\/bor-alu.de\/tr\/product\/alueminyum-pencere-cerceveleri\/\"><strong>Al\u00fcminyum Pencere \u00c7er\u00e7evesi<\/strong><\/a>, hafif ve dayan\u0131kl\u0131 bir metal olan al\u00fcminyumdan \u00fcretilen bir pencere \u00e7er\u00e7evesi t\u00fcr\u00fcd\u00fcr. Al\u00fcminyum pencere \u00e7er\u00e7eveleri, sa\u011flaml\u0131klar\u0131, korozyon direnci ve d\u00fc\u015f\u00fck bak\u0131m gereksinimleri nedeniyle hem konut hem de ticari yap\u0131larda yayg\u0131n olarak kullan\u0131lmaktad\u0131r.<\/p>\n","protected":false},"excerpt":{"rendered":"<p><strong>Al\u00fcminyum Pencere \u00c7er\u00e7eveleri<\/strong><\/p>\n<div><\/div>\n<div>Al\u00fcminyum Aldoks Serisi, C60 Serisine benzer bir pencere \u00e7er\u00e7evesidir. Bu seri de i\u015f yerleri, ofisler veya sergi alanlar\u0131 i\u00e7in kullan\u0131lmaktad\u0131r. Al\u00fcminyum pencere \u00e7er\u00e7evesi, ayn\u0131 \u015fekilde \u0131s\u0131 yal\u0131t\u0131ml\u0131 olmayan bir tasar\u0131ma sahiptir. Olduk\u00e7a dayan\u0131kl\u0131 oldu\u011fundan, daha b\u00fcy\u00fck profil projelerinde tercih edilir. Ayr\u0131ca \u0131s\u0131ya dayan\u0131kl\u0131 modeller \u00fcretmek de m\u00fcmk\u00fcnd\u00fcr. Maliyet\/performans a\u00e7\u0131s\u0131ndan olduk\u00e7a ba\u015far\u0131l\u0131 bir \u00fcr\u00fcnd\u00fcr.<\/div>\n<div><\/div>\n<div>Aldo, s\u00fcrg\u00fcl\u00fc pencere kap\u0131lar\u0131 i\u00e7in de uygundur ve harika bir estetik g\u00f6r\u00fcn\u00fcm sunar. Bu profillerle farkl\u0131 kal\u0131nl\u0131klarda cam kullanmak m\u00fcmk\u00fcnd\u00fcr. Aldo, \u00f6zg\u00fcn ve yenilik\u00e7i modellerin tasar\u0131m\u0131nda olduk\u00e7a yard\u0131mc\u0131d\u0131r.<\/div>\n","protected":false},"featured_media":990402,"comment_status":"closed","ping_status":"closed","template":"","meta":[],"product_brand":[],"product_cat":[550],"product_tag":[],"class_list":{"0":"post-991846","1":"product","2":"type-product","3":"status-publish","4":"has-post-thumbnail","6":"product_cat-aluminyum-profiller","8":"first","9":"instock","10":"shipping-taxable","11":"product-type-simple","12":"prodpage-style2"},"_links":{"self":[{"href":"https:\/\/bor-alu.de\/tr\/wp-json\/wp\/v2\/product\/991846","targetHints":{"allow":["GET"]}}],"collection":[{"href":"https:\/\/bor-alu.de\/tr\/wp-json\/wp\/v2\/product"}],"about":[{"href":"https:\/\/bor-alu.de\/tr\/wp-json\/wp\/v2\/types\/product"}],"replies":[{"embeddable":true,"href":"https:\/\/bor-alu.de\/tr\/wp-json\/wp\/v2\/comments?post=991846"}],"wp:featuredmedia":[{"embeddable":true,"href":"https:\/\/bor-alu.de\/tr\/wp-json\/wp\/v2\/media\/990402"}],"wp:attachment":[{"href":"https:\/\/bor-alu.de\/tr\/wp-json\/wp\/v2\/media?parent=991846"}],"wp:term":[{"taxonomy":"product_brand","embeddable":true,"href":"https:\/\/bor-alu.de\/tr\/wp-json\/wp\/v2\/product_brand?post=991846"},{"taxonomy":"product_cat","embeddable":true,"href":"https:\/\/bor-alu.de\/tr\/wp-json\/wp\/v2\/product_cat?post=991846"},{"taxonomy":"product_tag","embeddable":true,"href":"https:\/\/bor-alu.de\/tr\/wp-json\/wp\/v2\/product_tag?post=991846"}],"curies":[{"name":"wp","href":"https:\/\/api.w.org\/{rel}","templated":true}]}}