{"id":991847,"date":"2022-11-14T14:18:15","date_gmt":"2022-11-14T14:18:15","guid":{"rendered":"https:\/\/bor-alu.de\/product\/glasbalkonprofile\/"},"modified":"2024-12-29T04:50:37","modified_gmt":"2024-12-29T04:50:37","slug":"cam-balkon-profilleri","status":"publish","type":"product","link":"https:\/\/bor-alu.de\/tr\/product\/cam-balkon-profilleri\/","title":{"rendered":"Cam Balkon Profilleri"},"content":{"rendered":"<div>Cam balkon sistemleri i\u00e7in al\u00fcminyumun bir di\u011fer \u00f6nemli \u00f6zelli\u011fi, olduk\u00e7a hafif olmas\u0131d\u0131r. Al\u00fcminyum cam balkon sistemleri olduk\u00e7a hafiftir ve balkonlarda daha az y\u00fck olu\u015fturur. G\u00fcne\u015f \u0131\u015f\u0131\u011f\u0131na, ya\u011fmur suyuna veya kara dayan\u0131kl\u0131 olduklar\u0131ndan, PVC balkon sistemlerinin yerini alm\u0131\u015flard\u0131r.<\/div>\n","protected":false},"excerpt":{"rendered":"<p><strong>Al\u00fcminyum Cam Balkon Profilleri<\/strong><\/p>\n<div>Al\u00fcminyumun yayg\u0131n kullan\u0131m alanlar\u0131ndan biri de cam balkon sistemleridir. Du\u015fakabinlerde oldu\u011fu gibi, al\u00fcminyum cam balkon sistemlerinin ana avantajlar\u0131 dayan\u0131kl\u0131l\u0131k ve suya kar\u015f\u0131 diren\u00e7tir. Peki, al\u00fcminyum cam balkon sistemleri nedir? Al\u00fcminyum, her t\u00fcrl\u00fc hava ko\u015fuluna dayan\u0131kl\u0131 oldu\u011fundan, cam balkonlarla birlikte kullan\u0131lmas\u0131 ak\u0131ll\u0131ca bir se\u00e7enektir.<\/div>\n","protected":false},"featured_media":990154,"comment_status":"closed","ping_status":"closed","template":"","meta":[],"product_brand":[],"product_cat":[550],"product_tag":[],"class_list":{"0":"post-991847","1":"product","2":"type-product","3":"status-publish","4":"has-post-thumbnail","6":"product_cat-aluminyum-profiller","8":"first","9":"instock","10":"shipping-taxable","11":"product-type-simple","12":"prodpage-style2"},"_links":{"self":[{"href":"https:\/\/bor-alu.de\/tr\/wp-json\/wp\/v2\/product\/991847","targetHints":{"allow":["GET"]}}],"collection":[{"href":"https:\/\/bor-alu.de\/tr\/wp-json\/wp\/v2\/product"}],"about":[{"href":"https:\/\/bor-alu.de\/tr\/wp-json\/wp\/v2\/types\/product"}],"replies":[{"embeddable":true,"href":"https:\/\/bor-alu.de\/tr\/wp-json\/wp\/v2\/comments?post=991847"}],"wp:featuredmedia":[{"embeddable":true,"href":"https:\/\/bor-alu.de\/tr\/wp-json\/wp\/v2\/media\/990154"}],"wp:attachment":[{"href":"https:\/\/bor-alu.de\/tr\/wp-json\/wp\/v2\/media?parent=991847"}],"wp:term":[{"taxonomy":"product_brand","embeddable":true,"href":"https:\/\/bor-alu.de\/tr\/wp-json\/wp\/v2\/product_brand?post=991847"},{"taxonomy":"product_cat","embeddable":true,"href":"https:\/\/bor-alu.de\/tr\/wp-json\/wp\/v2\/product_cat?post=991847"},{"taxonomy":"product_tag","embeddable":true,"href":"https:\/\/bor-alu.de\/tr\/wp-json\/wp\/v2\/product_tag?post=991847"}],"curies":[{"name":"wp","href":"https:\/\/api.w.org\/{rel}","templated":true}]}}