{"id":991848,"date":"2022-11-14T14:18:15","date_gmt":"2022-11-14T14:18:15","guid":{"rendered":"https:\/\/bor-alu.de\/product\/handlaufprofile\/"},"modified":"2024-12-29T13:51:39","modified_gmt":"2024-12-29T13:51:39","slug":"korkuluk-profilleri","status":"publish","type":"product","link":"https:\/\/bor-alu.de\/tr\/product\/korkuluk-profilleri\/","title":{"rendered":"Korkuluk Profilleri"},"content":{"rendered":"<h2><strong>Al\u00fcminyum Korkuluk Profilleri<\/strong><\/h2>\n<p>&nbsp;<\/p>\n<h2><strong>Al\u00fcminyum Korkuluk Profilleri Nedir?<\/strong><\/h2>\n<div><\/div>\n<div>Al\u00fcminyum korkuluk profilleri demonte edilebilir. T\u00fcm yap\u0131y\u0131 veya sadece profilin baz\u0131 par\u00e7alar\u0131n\u0131 kolayca monte edebilir ve s\u00f6kebilirsiniz. Al\u00fcminyum korkuluk sistemlerinin en b\u00fcy\u00fck avantaj\u0131 g\u00f6r\u00fcn\u00fcm\u00fcd\u00fcr. Bug\u00fcn estetik, in\u015faatta \u00e7ok \u00f6nemli bir unsur haline geldi\u011finden, korkuluk ba\u011flant\u0131 elemanlar\u0131 veya al\u00fcminyum korkuluklar, mekan\u0131n\u0131za b\u00fcy\u00fck bir de\u011fer katar.<\/div>\n<div><\/div>\n<div>Al\u00fcminyum ayr\u0131ca korkuluklar i\u00e7in m\u00fckemmel bir malzemedir. Bak\u0131m\u0131 olduk\u00e7a kolayd\u0131r ve temizli\u011fi \u00e7ok basittir. Ayr\u0131ca, \u00e7ok dayan\u0131kl\u0131 ve g\u00fc\u00e7l\u00fcd\u00fcr. Bu nedenle, al\u00fcminyum korkuluk evinizin bir\u00e7ok b\u00f6l\u00fcm\u00fc i\u00e7in \u00e7ok ak\u0131ll\u0131ca bir se\u00e7imdir.<\/div>\n<div><\/div>\n<h2><strong>Al\u00fcminyum Korkuluklar\u0131n Fiyat\u0131n\u0131 Belirleyen Fakt\u00f6rler Nelerdir?<\/strong><\/h2>\n<p>&nbsp;<\/p>\n<ol>\n<li>Malzemenin kalitesi ve profil kal\u0131nl\u0131klar\u0131<\/li>\n<li>Kullan\u0131lan malzemenin yo\u011funlu\u011fu<\/li>\n<li>Firma kalitesi<\/li>\n<li>\u0130\u015f\u00e7ilik miktar\u0131<\/li>\n<\/ol>\n<p>&nbsp;<\/p>\n<p><strong>Al\u00fcminyum Korkuluk Sistemlerinin Avantajlar\u0131 Nelerdir?<\/strong><\/p>\n<p>Balkon, merdiven, teras, havuz gibi bina alanlar\u0131nda g\u00fcvenlik sa\u011flamak ve g\u00fczel bir g\u00f6r\u00fcn\u00fcm sunmak amac\u0131yla \u00fcretilirler. Tekrar etmek gerekirse: G\u00fcvenli\u011finizi \u015f\u0131k tasar\u0131mlar\u0131m\u0131zla al\u00fcminyum profilleri kullanarak sa\u011fl\u0131yoruz ve binalar\u0131n\u0131z\u0131n zarafetini tamaml\u0131yoruz. \u0130\u015flerimizi \u00f6zenle yap\u0131yor, taleplerinizi her zaman \u00f6n planda tutarak zaman\u0131nda teslim ediyoruz. \u015eimdi al\u00fcminyum korkuluklar\u0131n avantajlar\u0131ndan k\u0131saca bahsedelim.<\/p>\n<ol>\n<li>Merdivenler, balkonlar, teraslar ve havuz kenarlar\u0131 gibi alanlarda estetik, g\u00f6r\u00fcn\u00fcrl\u00fck ve dayan\u0131kl\u0131l\u0131k sa\u011flayarak binalar\u0131n\u0131z\u0131n de\u011ferini art\u0131r\u0131r.<\/li>\n<li>Al\u00fcminyum korkuluklar bak\u0131m gerektirmez. Temizlik d\u0131\u015f\u0131nda, y\u0131llarca sorunsuz bir \u015fekilde kullan\u0131labilir, bu da onu modern ve ak\u0131ll\u0131 binalar\u0131n vazge\u00e7ilmez bir par\u00e7as\u0131 haline getirir.<\/li>\n<li>G\u00fc\u00e7l\u00fc yap\u0131s\u0131 ve hafifli\u011fi ile binalar\u0131n\u0131z\u0131n de\u011ferini art\u0131r\u0131r.<\/li>\n<li>Her bina atmosferine uygun \u00e7\u00f6z\u00fcmler sunar, kullan\u0131m kolayl\u0131\u011f\u0131 ve \u00e7ok \u00e7e\u015fitli uygulama imkan\u0131 sa\u011flar. \u0130stedi\u011finiz \u015fekilde uygulayabilirsiniz.<\/li>\n<li>Al\u00fcminyum korkuluklar hem i\u00e7 mekanlarda hem de d\u0131\u015f mekanlarda kullan\u0131labilir. Yap\u0131lara y\u00fck bindirmez.<\/li>\n<li>Geri d\u00f6n\u00fc\u015ft\u00fcr\u00fclebilirli\u011fi ile \u00e7evre dostudur.<\/li>\n<li>Al\u00fcminyum korkuluklar, di\u011fer uygulamalardan daha kolay kurulur.<\/li>\n<li>Paslanmaz ve korozyona dayan\u0131kl\u0131d\u0131r.<\/li>\n<\/ol>\n<p>&nbsp;<\/p>\n<p>Al\u00fcminyum korkuluk yenileme gerektirmez ve \u00e7ok dayan\u0131kl\u0131d\u0131r. \u0130n\u015faat projesinin son a\u015famalar\u0131ndan biri oldu\u011fu i\u00e7in di\u011fer i\u015flere zarar vermez ve di\u011fer \u00e7al\u0131\u015fmalar\u0131n uygulanmas\u0131n\u0131 kolayla\u015ft\u0131r\u0131r.<\/p>\n<p>D\u00fcnyan\u0131n neresinde olursan\u0131z olun, her zaman elinizden gelenin en iyisini yapmal\u0131s\u0131n\u0131z. Bu, hem kendinize hem de hayata olan sayg\u0131n\u0131z\u0131n bir g\u00f6stergesidir. Bor Al\u00fcminyum olarak bunun fark\u0131nday\u0131z. Bu alanda \u00e7ok ba\u015far\u0131l\u0131 uzmanlarla \u00e7al\u0131\u015f\u0131yor ve g\u00fcvenli\u011finizi sa\u011flamak i\u00e7in malzemelerimizi \u00f6zenle se\u00e7iyoruz.<\/p>\n<p>Beklentilerinizi do\u011fru bir \u015fekilde kar\u015f\u0131layabilmek i\u00e7in \u00f6nce sizi dinliyoruz. Projeleri isteklerinize g\u00f6re tasarl\u0131yoruz. Al\u00fcminyum korkuluk sayesinde binalar\u0131n\u0131za y\u00fck bindirmeden g\u00fcvenli\u011finizi sa\u011flarken, ya\u015fam alan\u0131n\u0131za zarafet katabilirsiniz.<\/p>\n<p>S\u00fcrekli yenilenen \u00fcr\u00fcnlerimiz ve alan\u0131m\u0131zla ilgili teknolojik geli\u015fmeleri yak\u0131ndan takip etti\u011fimizi bilmenizi isteriz. Korkuluklar d\u0131\u015f\u0131nda, binan\u0131n tasar\u0131m\u0131na uygun \u00e7e\u015fitli boyutlarda ve stillerde \u00fcr\u00fcnler de sundu\u011fumuzu hat\u0131rlatmak isteriz. \u0130htiya\u00e7lar\u0131n\u0131za y\u00f6nelik ak\u0131ll\u0131 \u00e7\u00f6z\u00fcmlerimiz ve b\u00fct\u00e7enizi zorlamayan fiyat politikam\u0131zla size hizmet vermekteyiz.<\/p>\n<p><strong>Neden Paslanmaz \u00c7elik Korkuluklar Tercih Edilmelidir?<\/strong><\/p>\n<p>Paslanmaz \u00e7elik korkuluklar, her mekana modern bir his katar. Al\u00fcminyumun g\u00fc\u00e7l\u00fc yap\u0131s\u0131 ve az bak\u0131m gerektirmesi sayesinde korkuluklar, her alan i\u00e7in ideal bir se\u00e7imdir. Paslanmaz \u00e7elik korkuluk tasar\u0131mlar\u0131 olduk\u00e7a \u00e7e\u015fitlidir.<\/p>\n<p>Al\u00fcminyumdan \u00fcretilen korkuluklar, i\u00e7 mekan merdivenlerinden balkonlara ve ticari projelere kadar bir\u00e7ok alanda kullan\u0131labilir. Do\u011fru korkuluk sistemini bulmak, hem montaj hem de yap\u0131 a\u00e7\u0131s\u0131ndan \u00f6nemlidir. G\u00fcn\u00fcm\u00fczde stil ve tasar\u0131m \u00f6nemli bile\u015fenler haline geldi\u011finden, korkuluklar\u0131n tasar\u0131mlar\u0131 dayan\u0131kl\u0131l\u0131klar\u0131 kadar \u00f6nemlidir.<\/p>\n<p>E\u011fer bir al\u00fcminyum <a href=\"https:\/\/bor-alu.de\/tr\/product-category\/aluminyum-profiller\/\">korkuluk<\/a> \u00fcreticisi, al\u00fcminyum korkuluk profili \u00fcreticisi veya al\u00fcminyum korkuluk \u00fcreticisi ar\u0131yorsan\u0131z, l\u00fctfen bizimle ileti\u015fime ge\u00e7in ve al\u00fcminyum korkuluk fiyatlar\u0131 hakk\u0131nda daha fazla bilgi edinin.<\/p>\n","protected":false},"excerpt":{"rendered":"<p><strong>Al\u00fcminyum Korkuluk Profilleri<\/strong><\/p>\n<div>Al\u00fcminyumun yayg\u0131n kullan\u0131m alanlar\u0131ndan biri korkuluklard\u0131r. Merdivenlerde, balkonlarda, teraslarda ve bir\u00e7ok ba\u015fka yerde g\u00fczellik katmak ve g\u00fcvenlik sa\u011flamak i\u00e7in kullan\u0131l\u0131rlar. Al\u00fcminyum, estetik, hafif ve dayan\u0131kl\u0131 bir malzeme oldu\u011fundan, korkuluk olarak olduk\u00e7a ba\u015far\u0131l\u0131d\u0131r.<\/div>\n","protected":false},"featured_media":990152,"comment_status":"closed","ping_status":"closed","template":"","meta":[],"product_brand":[],"product_cat":[550],"product_tag":[],"class_list":{"0":"post-991848","1":"product","2":"type-product","3":"status-publish","4":"has-post-thumbnail","6":"product_cat-aluminyum-profiller","8":"first","9":"instock","10":"shipping-taxable","11":"product-type-simple","12":"prodpage-style2"},"_links":{"self":[{"href":"https:\/\/bor-alu.de\/tr\/wp-json\/wp\/v2\/product\/991848","targetHints":{"allow":["GET"]}}],"collection":[{"href":"https:\/\/bor-alu.de\/tr\/wp-json\/wp\/v2\/product"}],"about":[{"href":"https:\/\/bor-alu.de\/tr\/wp-json\/wp\/v2\/types\/product"}],"replies":[{"embeddable":true,"href":"https:\/\/bor-alu.de\/tr\/wp-json\/wp\/v2\/comments?post=991848"}],"wp:featuredmedia":[{"embeddable":true,"href":"https:\/\/bor-alu.de\/tr\/wp-json\/wp\/v2\/media\/990152"}],"wp:attachment":[{"href":"https:\/\/bor-alu.de\/tr\/wp-json\/wp\/v2\/media?parent=991848"}],"wp:term":[{"taxonomy":"product_brand","embeddable":true,"href":"https:\/\/bor-alu.de\/tr\/wp-json\/wp\/v2\/product_brand?post=991848"},{"taxonomy":"product_cat","embeddable":true,"href":"https:\/\/bor-alu.de\/tr\/wp-json\/wp\/v2\/product_cat?post=991848"},{"taxonomy":"product_tag","embeddable":true,"href":"https:\/\/bor-alu.de\/tr\/wp-json\/wp\/v2\/product_tag?post=991848"}],"curies":[{"name":"wp","href":"https:\/\/api.w.org\/{rel}","templated":true}]}}