{"id":991849,"date":"2022-11-14T14:18:15","date_gmt":"2022-11-14T14:18:15","guid":{"rendered":"https:\/\/bor-alu.de\/product\/kuehlerprofile\/"},"modified":"2024-12-29T04:41:05","modified_gmt":"2024-12-29T04:41:05","slug":"sogutucu-profiller","status":"publish","type":"product","link":"https:\/\/bor-alu.de\/tr\/product\/sogutucu-profiller\/","title":{"rendered":"So\u011futucu Profiller"},"content":{"rendered":"<div>Bir elektronik cihaz\u0131 so\u011futamazsan\u0131z, a\u015f\u0131r\u0131 \u0131s\u0131nma cihaz\u0131n d\u00fczg\u00fcn \u00e7al\u0131\u015fmamas\u0131na neden olur. Bu nedenle, tasar\u0131mc\u0131lar bu sorunu \u00e7\u00f6zmek i\u00e7in so\u011futucular kullan\u0131r. So\u011futucular, ayn\u0131 zamanda so\u011futma profilleri veya so\u011futma plakalar\u0131 olarak da adland\u0131r\u0131l\u0131r ve genellikle ekstr\u00fcde edilmi\u015f al\u00fcminyumdan \u00fcretilir. Al\u00fcminyum, bu kritik ama\u00e7 i\u00e7in gereken \u00f6zellikleri sa\u011flamak i\u00e7in m\u00fckemmel bir metaldir. Dayan\u0131kl\u0131d\u0131r ve uzun bir \u00f6mre sahiptir. \u0130\u015fte bu, al\u00fcminyum so\u011futma profillerinin kritik ve ileri teknolojilerde kullan\u0131lmas\u0131n\u0131n ana nedenidir.<\/div>\n","protected":false},"excerpt":{"rendered":"<p><strong>Al\u00fcminyum So\u011futucu Profilleri<\/strong><\/p>\n<div>Al\u00fcminyum, baz\u0131 kritik cihazlar\u0131n so\u011futulmas\u0131nda da kullan\u0131l\u0131r. Al\u00fcminyum so\u011futucu profili, elektronik end\u00fcstrisinde kullan\u0131lan yenilik\u00e7i bir malzemedir. Bildi\u011fimiz gibi, bilgisayarlar gibi elektronik cihazlar, uzakla\u015ft\u0131r\u0131lmas\u0131 gereken istenmeyen \u0131s\u0131 \u00fcretir.<\/div>\n","protected":false},"featured_media":990172,"comment_status":"closed","ping_status":"closed","template":"","meta":[],"product_brand":[],"product_cat":[550],"product_tag":[],"class_list":{"0":"post-991849","1":"product","2":"type-product","3":"status-publish","4":"has-post-thumbnail","6":"product_cat-aluminyum-profiller","8":"first","9":"instock","10":"shipping-taxable","11":"product-type-simple","12":"prodpage-style2"},"_links":{"self":[{"href":"https:\/\/bor-alu.de\/tr\/wp-json\/wp\/v2\/product\/991849","targetHints":{"allow":["GET"]}}],"collection":[{"href":"https:\/\/bor-alu.de\/tr\/wp-json\/wp\/v2\/product"}],"about":[{"href":"https:\/\/bor-alu.de\/tr\/wp-json\/wp\/v2\/types\/product"}],"replies":[{"embeddable":true,"href":"https:\/\/bor-alu.de\/tr\/wp-json\/wp\/v2\/comments?post=991849"}],"wp:featuredmedia":[{"embeddable":true,"href":"https:\/\/bor-alu.de\/tr\/wp-json\/wp\/v2\/media\/990172"}],"wp:attachment":[{"href":"https:\/\/bor-alu.de\/tr\/wp-json\/wp\/v2\/media?parent=991849"}],"wp:term":[{"taxonomy":"product_brand","embeddable":true,"href":"https:\/\/bor-alu.de\/tr\/wp-json\/wp\/v2\/product_brand?post=991849"},{"taxonomy":"product_cat","embeddable":true,"href":"https:\/\/bor-alu.de\/tr\/wp-json\/wp\/v2\/product_cat?post=991849"},{"taxonomy":"product_tag","embeddable":true,"href":"https:\/\/bor-alu.de\/tr\/wp-json\/wp\/v2\/product_tag?post=991849"}],"curies":[{"name":"wp","href":"https:\/\/api.w.org\/{rel}","templated":true}]}}