{"id":991850,"date":"2022-11-14T14:18:15","date_gmt":"2022-11-14T14:18:15","guid":{"rendered":"https:\/\/bor-alu.de\/product\/standardprofile\/"},"modified":"2024-12-29T04:08:11","modified_gmt":"2024-12-29T04:08:11","slug":"standart-profiller","status":"publish","type":"product","link":"https:\/\/bor-alu.de\/tr\/product\/standart-profiller\/","title":{"rendered":"Standart Profiller"},"content":{"rendered":"<div>Standart al\u00fcminyum ekstr\u00fczyon profillerinin en \u00f6nemli avantaj\u0131 esnekliktir. Projenizi veya tasar\u0131m\u0131n\u0131z\u0131 standart profillerle kolayca de\u011fi\u015ftirebilir veya uyarlayabilirsiniz. Bu, maliyet etkinli\u011fi sa\u011flama konusunda da olduk\u00e7a ba\u015far\u0131l\u0131d\u0131r. Profiller \u00f6zel tipler olmad\u0131\u011f\u0131ndan, malzemelerinizi daha d\u00fc\u015f\u00fck fiyatlarla temin edebilirsiniz. Standart al\u00fcminyum ekstr\u00fczyon kal\u0131plar\u0131, planlar\u0131n\u0131z\u0131 ve tasar\u0131mlar\u0131n\u0131z\u0131 esnek bir \u015fekilde \u015fekillendirmenize olanak tan\u0131r.<\/div>\n<div>\nBor Al\u00fcminyum, T\u00fcrkiye&#8217;de bir <strong>al\u00fcminyum billet \u00fcreticisidir<\/strong>. E\u011fer al\u00fcminyum ekstr\u00fczyon profil \u00fcreticisine, al\u00fcminyum boru \u00fcreticisine veya al\u00fcminyum denizlik \u00fcreticisine ihtiyac\u0131n\u0131z varsa, size hizmet vermeye haz\u0131r\u0131z.\n<\/div>\n","protected":false},"excerpt":{"rendered":"<p><strong>Standart Al\u00fcminyum Profiller<\/strong><\/p>\n<div>Standart al\u00fcminyum profiller veya standart al\u00fcminyum ekstr\u00fczyonlar, bir\u00e7ok farkl\u0131 yerde ve \u00e7e\u015fitli ama\u00e7lar i\u00e7in kullanabilece\u011finiz profil t\u00fcrleridir. Bunlar, \u00f6zel profil t\u00fcrlerinden farkl\u0131 olarak k\u00f6\u015febentler, kanallar, borular ve di\u011fer \u015fekilleri i\u00e7erir. Fabrikalar\u0131m\u0131zda yayg\u0131n olarak \u00fcretti\u011fimiz do\u011frudan profillerdir.<\/div>\n","protected":false},"featured_media":990150,"comment_status":"closed","ping_status":"closed","template":"","meta":[],"product_brand":[],"product_cat":[550],"product_tag":[],"class_list":{"0":"post-991850","1":"product","2":"type-product","3":"status-publish","4":"has-post-thumbnail","6":"product_cat-aluminyum-profiller","8":"first","9":"instock","10":"shipping-taxable","11":"product-type-simple","12":"prodpage-style2"},"_links":{"self":[{"href":"https:\/\/bor-alu.de\/tr\/wp-json\/wp\/v2\/product\/991850","targetHints":{"allow":["GET"]}}],"collection":[{"href":"https:\/\/bor-alu.de\/tr\/wp-json\/wp\/v2\/product"}],"about":[{"href":"https:\/\/bor-alu.de\/tr\/wp-json\/wp\/v2\/types\/product"}],"replies":[{"embeddable":true,"href":"https:\/\/bor-alu.de\/tr\/wp-json\/wp\/v2\/comments?post=991850"}],"wp:featuredmedia":[{"embeddable":true,"href":"https:\/\/bor-alu.de\/tr\/wp-json\/wp\/v2\/media\/990150"}],"wp:attachment":[{"href":"https:\/\/bor-alu.de\/tr\/wp-json\/wp\/v2\/media?parent=991850"}],"wp:term":[{"taxonomy":"product_brand","embeddable":true,"href":"https:\/\/bor-alu.de\/tr\/wp-json\/wp\/v2\/product_brand?post=991850"},{"taxonomy":"product_cat","embeddable":true,"href":"https:\/\/bor-alu.de\/tr\/wp-json\/wp\/v2\/product_cat?post=991850"},{"taxonomy":"product_tag","embeddable":true,"href":"https:\/\/bor-alu.de\/tr\/wp-json\/wp\/v2\/product_tag?post=991850"}],"curies":[{"name":"wp","href":"https:\/\/api.w.org\/{rel}","templated":true}]}}